{"id":63,"date":"2019-01-23T13:48:18","date_gmt":"2019-01-23T11:48:18","guid":{"rendered":"http:\/\/31.217.192.177\/~eduexcel\/?page_id=63"},"modified":"2019-05-09T16:15:59","modified_gmt":"2019-05-09T13:15:59","slug":"programmes","status":"publish","type":"page","link":"https:\/\/testi.eduexcellence.fi\/es\/servicios\/programas\/","title":{"rendered":"Programas"},"content":{"rendered":"<p>EduExcellence tiene una extensa experiencia en la adaptaci\u00f3n de programas a gobiernos, empresas, compa\u00f1\u00edas, organizaciones internacionales, fideicomisos y fondos tanto en el sector p\u00fablico como en el privado. Nuestras amplias \u00e1reas de especializaci\u00f3n y la presencia de nuestros profesionales al rededor del mundo significan que podemos contribuir en una amplia gama de industrias para diferentes tipos de programas.<\/p>\n<p>Proporcionamos programas de licenciatura a medida y a petici\u00f3n, tanto a nivel de licenciatura como de m\u00e1ster (postgrado), basados en unas 40 especialidades diferentes de las tres Universidades de Ciencias Aplicadas: Haaga-Helia, Laurea y Metropolia. Los programas de grado se basan principalmente en programas generales, pero se pueden realizar adaptaciones en base a las necesidades de los clientes. Los programas se llevan a cabo principalmente en Finlandia en nuestros campus, pero tambi\u00e9n pueden ser modificados para ser proporcionados en su pa\u00eds y campus.<\/p>\n<p>Los programas de certificaci\u00f3n son especialidades de nuestros programas de estudio de grado completo en campos especializados que proporcionan habilidades y conocimientos necesarios en \u00e1reas espec\u00edficas. Si bien los certificados no sustituyen a un t\u00edtulo, estos programas proporcionan una cobertura completa de un tema concreto y otorgan un certificado de finalizaci\u00f3n al final del curso de estudios.<\/p>\n<p>Un diploma es un t\u00edtulo de educaci\u00f3n superior que abarca una determinada cantidad de estudios. Un programa de diplomado puede proporcionar valiosas aptitudes especializadas, conocimientos y experiencias. Los diplomas ayudan a reducir la brecha entre la escuela secundaria y la universidad, o entre los estudios de licenciatura y los de posgrado. Podemos proporcionarle diplomas de grado y postgrado, diplomas de nivel superior, todos ellos basados en las necesidades de su organizaci\u00f3n.<\/p>\n<p><a class=\"edu-button\" href=\"https:\/\/testi.eduexcellence.fi\/es\/press-release-24-10-2018-finnish-education-customised-for-chinese-students-in-beijing\/\">Conozca m\u00e1s<\/a><\/p>\n<p>&nbsp;<\/p>","protected":false},"excerpt":{"rendered":"<p>EduExcellence has a vast experience in tailoring programmes to governments, corporations, companies, international organisations, trusts and funds both, in the public and private sectors. Our extensive areas of expertise and the presence of our global professionals mean that we can serve a wide range of industries for different kinds of programmes. We provide tailor-made and [&hellip;]<\/p>","protected":false},"author":1,"featured_media":634,"parent":25,"menu_order":0,"comment_status":"closed","ping_status":"closed","template":"","meta":[],"yoast_head":"<!-- This site is optimized with the Yoast SEO plugin v16.9 - https:\/\/yoast.com\/wordpress\/plugins\/seo\/ -->\n<title>Programmes \u2013 EduExcellence<\/title>\n<meta name=\"description\" content=\"Our programme solutions cover tailored certificates, as well as diploma and degree programmes for organisations and companies.\" \/>\n<meta name=\"robots\" content=\"noindex, follow, max-snippet:-1, max-image-preview:large, max-video-preview:-1\" \/>\n<meta property=\"og:locale\" content=\"es_ES\" \/>\n<meta property=\"og:type\" content=\"article\" \/>\n<meta property=\"og:title\" content=\"Programmes \u2013 EduExcellence\" \/>\n<meta property=\"og:description\" content=\"Our programme solutions cover tailored certificates, as well as diploma and degree programmes for organisations and companies.\" \/>\n<meta property=\"og:url\" content=\"http:\/\/testi.eduexcellence.fi\/es\/\u670d\u52a1\/\u57f9\u8bad\u8bfe\u7a0b\/\" \/>\n<meta property=\"og:site_name\" content=\"EduExcellence\" \/>\n<meta property=\"article:modified_time\" content=\"2019-05-09T13:15:59+00:00\" \/>\n<meta property=\"og:image\" content=\"http:\/\/testi.eduexcellence.fi\/wp-content\/uploads\/2019\/04\/EduExcellence-programmes.jpg\" \/>\n\t<meta property=\"og:image:width\" content=\"1000\" \/>\n\t<meta property=\"og:image:height\" content=\"667\" \/>\n<meta name=\"twitter:card\" content=\"summary_large_image\" \/>\n<meta name=\"twitter:label1\" content=\"Tiempo de lectura\" \/>\n\t<meta name=\"twitter:data1\" content=\"1 minuto\" \/>\n<script type=\"application\/ld+json\" class=\"yoast-schema-graph\">{\"@context\":\"https:\/\/schema.org\",\"@graph\":[{\"@type\":\"WebSite\",\"@id\":\"https:\/\/testi.eduexcellence.fi\/#website\",\"url\":\"https:\/\/testi.eduexcellence.fi\/\",\"name\":\"EduExcellence\",\"description\":\"The Gateway to Finnish Higher Education\",\"potentialAction\":[{\"@type\":\"SearchAction\",\"target\":{\"@type\":\"EntryPoint\",\"urlTemplate\":\"https:\/\/testi.eduexcellence.fi\/?s={search_term_string}\"},\"query-input\":\"required name=search_term_string\"}],\"inLanguage\":\"es\"},{\"@type\":\"ImageObject\",\"@id\":\"http:\/\/testi.eduexcellence.fi\/zh\/%e6%9c%8d%e5%8a%a1\/%e5%9f%b9%e8%ae%ad%e8%af%be%e7%a8%8b\/#primaryimage\",\"inLanguage\":\"es\",\"url\":\"https:\/\/testi.eduexcellence.fi\/wp-content\/uploads\/2019\/04\/EduExcellence-programmes.jpg\",\"contentUrl\":\"https:\/\/testi.eduexcellence.fi\/wp-content\/uploads\/2019\/04\/EduExcellence-programmes.jpg\",\"width\":1000,\"height\":667},{\"@type\":\"WebPage\",\"@id\":\"http:\/\/testi.eduexcellence.fi\/zh\/%e6%9c%8d%e5%8a%a1\/%e5%9f%b9%e8%ae%ad%e8%af%be%e7%a8%8b\/#webpage\",\"url\":\"http:\/\/testi.eduexcellence.fi\/zh\/%e6%9c%8d%e5%8a%a1\/%e5%9f%b9%e8%ae%ad%e8%af%be%e7%a8%8b\/\",\"name\":\"Programmes \\u2013 EduExcellence\",\"isPartOf\":{\"@id\":\"https:\/\/testi.eduexcellence.fi\/#website\"},\"primaryImageOfPage\":{\"@id\":\"http:\/\/testi.eduexcellence.fi\/zh\/%e6%9c%8d%e5%8a%a1\/%e5%9f%b9%e8%ae%ad%e8%af%be%e7%a8%8b\/#primaryimage\"},\"datePublished\":\"2019-01-23T11:48:18+00:00\",\"dateModified\":\"2019-05-09T13:15:59+00:00\",\"description\":\"Our programme solutions cover tailored certificates, as well as diploma and degree programmes for organisations and companies.\",\"breadcrumb\":{\"@id\":\"http:\/\/testi.eduexcellence.fi\/zh\/%e6%9c%8d%e5%8a%a1\/%e5%9f%b9%e8%ae%ad%e8%af%be%e7%a8%8b\/#breadcrumb\"},\"inLanguage\":\"es\",\"potentialAction\":[{\"@type\":\"ReadAction\",\"target\":[\"http:\/\/testi.eduexcellence.fi\/zh\/%e6%9c%8d%e5%8a%a1\/%e5%9f%b9%e8%ae%ad%e8%af%be%e7%a8%8b\/\"]}]},{\"@type\":\"BreadcrumbList\",\"@id\":\"http:\/\/testi.eduexcellence.fi\/zh\/%e6%9c%8d%e5%8a%a1\/%e5%9f%b9%e8%ae%ad%e8%af%be%e7%a8%8b\/#breadcrumb\",\"itemListElement\":[{\"@type\":\"ListItem\",\"position\":1,\"name\":\"Home\",\"item\":\"https:\/\/testi.eduexcellence.fi\/\"},{\"@type\":\"ListItem\",\"position\":2,\"name\":\"Services\",\"item\":\"http:\/\/testi.eduexcellence.fi\/zh\/%e6%9c%8d%e5%8a%a1\/\"},{\"@type\":\"ListItem\",\"position\":3,\"name\":\"Programmes\"}]}]}<\/script>\n<!-- \/ Yoast SEO plugin. -->","yoast_head_json":{"title":"Programmes \u2013 EduExcellence","description":"Our programme solutions cover tailored certificates, as well as diploma and degree programmes for organisations and companies.","robots":{"index":"noindex","follow":"follow","max-snippet":"max-snippet:-1","max-image-preview":"max-image-preview:large","max-video-preview":"max-video-preview:-1"},"og_locale":"es_ES","og_type":"article","og_title":"Programmes \u2013 EduExcellence","og_description":"Our programme solutions cover tailored certificates, as well as diploma and degree programmes for organisations and companies.","og_url":"http:\/\/testi.eduexcellence.fi\/es\/\u670d\u52a1\/\u57f9\u8bad\u8bfe\u7a0b\/","og_site_name":"EduExcellence","article_modified_time":"2019-05-09T13:15:59+00:00","og_image":[{"width":1000,"height":667,"url":"http:\/\/testi.eduexcellence.fi\/wp-content\/uploads\/2019\/04\/EduExcellence-programmes.jpg","path":"\/home\/eduexcel\/testi.eduexcellence.fi\/wp-content\/uploads\/2019\/04\/EduExcellence-programmes.jpg","size":"full","id":634,"alt":"","pixels":667000,"type":"image\/jpeg"}],"twitter_card":"summary_large_image","twitter_misc":{"Tiempo de lectura":"1 minuto"},"schema":{"@context":"https:\/\/schema.org","@graph":[{"@type":"WebSite","@id":"https:\/\/testi.eduexcellence.fi\/#website","url":"https:\/\/testi.eduexcellence.fi\/","name":"EduExcellence","description":"The Gateway to Finnish Higher Education","potentialAction":[{"@type":"SearchAction","target":{"@type":"EntryPoint","urlTemplate":"https:\/\/testi.eduexcellence.fi\/?s={search_term_string}"},"query-input":"required name=search_term_string"}],"inLanguage":"es"},{"@type":"ImageObject","@id":"http:\/\/testi.eduexcellence.fi\/zh\/%e6%9c%8d%e5%8a%a1\/%e5%9f%b9%e8%ae%ad%e8%af%be%e7%a8%8b\/#primaryimage","inLanguage":"es","url":"https:\/\/testi.eduexcellence.fi\/wp-content\/uploads\/2019\/04\/EduExcellence-programmes.jpg","contentUrl":"https:\/\/testi.eduexcellence.fi\/wp-content\/uploads\/2019\/04\/EduExcellence-programmes.jpg","width":1000,"height":667},{"@type":"WebPage","@id":"http:\/\/testi.eduexcellence.fi\/zh\/%e6%9c%8d%e5%8a%a1\/%e5%9f%b9%e8%ae%ad%e8%af%be%e7%a8%8b\/#webpage","url":"http:\/\/testi.eduexcellence.fi\/zh\/%e6%9c%8d%e5%8a%a1\/%e5%9f%b9%e8%ae%ad%e8%af%be%e7%a8%8b\/","name":"Programmes \u2013 EduExcellence","isPartOf":{"@id":"https:\/\/testi.eduexcellence.fi\/#website"},"primaryImageOfPage":{"@id":"http:\/\/testi.eduexcellence.fi\/zh\/%e6%9c%8d%e5%8a%a1\/%e5%9f%b9%e8%ae%ad%e8%af%be%e7%a8%8b\/#primaryimage"},"datePublished":"2019-01-23T11:48:18+00:00","dateModified":"2019-05-09T13:15:59+00:00","description":"Our programme solutions cover tailored certificates, as well as diploma and degree programmes for organisations and companies.","breadcrumb":{"@id":"http:\/\/testi.eduexcellence.fi\/zh\/%e6%9c%8d%e5%8a%a1\/%e5%9f%b9%e8%ae%ad%e8%af%be%e7%a8%8b\/#breadcrumb"},"inLanguage":"es","potentialAction":[{"@type":"ReadAction","target":["http:\/\/testi.eduexcellence.fi\/zh\/%e6%9c%8d%e5%8a%a1\/%e5%9f%b9%e8%ae%ad%e8%af%be%e7%a8%8b\/"]}]},{"@type":"BreadcrumbList","@id":"http:\/\/testi.eduexcellence.fi\/zh\/%e6%9c%8d%e5%8a%a1\/%e5%9f%b9%e8%ae%ad%e8%af%be%e7%a8%8b\/#breadcrumb","itemListElement":[{"@type":"ListItem","position":1,"name":"Home","item":"https:\/\/testi.eduexcellence.fi\/"},{"@type":"ListItem","position":2,"name":"Services","item":"http:\/\/testi.eduexcellence.fi\/zh\/%e6%9c%8d%e5%8a%a1\/"},{"@type":"ListItem","position":3,"name":"Programmes"}]}]}},"_links":{"self":[{"href":"https:\/\/testi.eduexcellence.fi\/es\/wp-json\/wp\/v2\/pages\/63"}],"collection":[{"href":"https:\/\/testi.eduexcellence.fi\/es\/wp-json\/wp\/v2\/pages"}],"about":[{"href":"https:\/\/testi.eduexcellence.fi\/es\/wp-json\/wp\/v2\/types\/page"}],"author":[{"embeddable":true,"href":"https:\/\/testi.eduexcellence.fi\/es\/wp-json\/wp\/v2\/users\/1"}],"replies":[{"embeddable":true,"href":"https:\/\/testi.eduexcellence.fi\/es\/wp-json\/wp\/v2\/comments?post=63"}],"version-history":[{"count":16,"href":"https:\/\/testi.eduexcellence.fi\/es\/wp-json\/wp\/v2\/pages\/63\/revisions"}],"predecessor-version":[{"id":2597,"href":"https:\/\/testi.eduexcellence.fi\/es\/wp-json\/wp\/v2\/pages\/63\/revisions\/2597"}],"up":[{"embeddable":true,"href":"https:\/\/testi.eduexcellence.fi\/es\/wp-json\/wp\/v2\/pages\/25"}],"wp:featuredmedia":[{"embeddable":true,"href":"https:\/\/testi.eduexcellence.fi\/es\/wp-json\/wp\/v2\/media\/634"}],"wp:attachment":[{"href":"https:\/\/testi.eduexcellence.fi\/es\/wp-json\/wp\/v2\/media?parent=63"}],"curies":[{"name":"wp","href":"https:\/\/api.w.org\/{rel}","templated":true}]}}