{"id":61,"date":"2019-01-23T13:46:17","date_gmt":"2019-01-23T11:46:17","guid":{"rendered":"http:\/\/31.217.192.177\/~eduexcel\/?page_id=61"},"modified":"2019-05-09T16:14:52","modified_gmt":"2019-05-09T13:14:52","slug":"intensive-courses","status":"publish","type":"page","link":"https:\/\/testi.eduexcellence.fi\/es\/servicios\/cursos-intensivos\/","title":{"rendered":"Cursos intensivos"},"content":{"rendered":"<p>Los cursos intensivos sirven como curso intensivo para el sujeto designado. El objetivo principal es mejorar las habilidades y competencias de los participantes en un campo seleccionado. Los participantes completar\u00e1n el curso a un ritmo acelerado, con una concentraci\u00f3n intensiva en el tema.<\/p>\n<p>La duraci\u00f3n de un curso intensivo var\u00eda de una semana a un semestre, dependiendo de los objetivos espec\u00edficos del programa. Los cursos pueden realizarse en Finlandia, en el pa\u00eds de origen del participante o en ambos. Los cursos tambi\u00e9n pueden incluir m\u00f3dulos en l\u00ednea.<\/p>\n<p>Nuestros cursos intensivos est\u00e1n sujetos a los cr\u00e9ditos del Sistema Europeo de Transferencia y Acumulaci\u00f3n de Cr\u00e9ditos (ECTS).<\/p>\n<h3>Talleres y clases magistrales<\/h3>\n<p>Las clases magistrales y los talleres son dirigidos por profesionistas de Finlandia, en sus propias \u00e1reas de especializaci\u00f3n. Estos distinguidos expertos se aseguran de que los temas se traten de forma exhaustiva y profesional.<\/p>\n<p>La duraci\u00f3n de las clases magistrales y los talleres var\u00edan desde una semana hasta un semestre, dependiendo de los objetivos espec\u00edficos del programa. Las clases y los talleres pueden realizarse en Finlandia, en el pa\u00eds de origen de los participantes o en ambos.<\/p>\n<p>Nuestras clases magistrales y talleres est\u00e1n sujetos a los cr\u00e9ditos del Sistema Europeo de Transferencia y Acumulaci\u00f3n de Cr\u00e9ditos (ECTS).<\/p>\n<p><a class=\"edu-button\" href=\"https:\/\/testi.eduexcellence.fi\/es\/press-release-7-3-2019-tut\/\">Conozca m\u00e1s<\/a><\/p>","protected":false},"excerpt":{"rendered":"<p>Intensive courses serve as a crash-course for the designated subject. The main objective is to enhance participant\u2019s skills and competences in a selected field. Participants will complete the course at an accelerated pace, with an intensive concentration on the topic. The duration of an intensive course varies from one week up to a semester, depending [&hellip;]<\/p>","protected":false},"author":1,"featured_media":750,"parent":25,"menu_order":0,"comment_status":"closed","ping_status":"closed","template":"","meta":[],"yoast_head":"<!-- This site is optimized with the Yoast SEO plugin v16.9 - https:\/\/yoast.com\/wordpress\/plugins\/seo\/ -->\n<title>Intensive Courses \u2013 EduExcellence<\/title>\n<meta name=\"description\" content=\"Intensive courses serve as a crash-course for the designated subject. We design and deliver tailored courses and workshops in number of areas of expertise.\" \/>\n<meta name=\"robots\" content=\"noindex, follow, max-snippet:-1, max-image-preview:large, max-video-preview:-1\" \/>\n<meta property=\"og:locale\" content=\"es_ES\" \/>\n<meta property=\"og:type\" content=\"article\" \/>\n<meta property=\"og:title\" content=\"Intensive Courses \u2013 EduExcellence\" \/>\n<meta property=\"og:description\" content=\"Intensive courses serve as a crash-course for the designated subject. We design and deliver tailored courses and workshops in number of areas of expertise.\" \/>\n<meta property=\"og:url\" content=\"http:\/\/testi.eduexcellence.fi\/es\/\u670d\u52a1\/\u5f3a\u5316\u8bfe\u7a0b\/\" \/>\n<meta property=\"og:site_name\" content=\"EduExcellence\" \/>\n<meta property=\"article:modified_time\" content=\"2019-05-09T13:14:52+00:00\" \/>\n<meta property=\"og:image\" content=\"http:\/\/testi.eduexcellence.fi\/wp-content\/uploads\/2019\/04\/EduExcellence-intensivecourse.jpg\" \/>\n\t<meta property=\"og:image:width\" content=\"943\" \/>\n\t<meta property=\"og:image:height\" content=\"630\" \/>\n<meta name=\"twitter:card\" content=\"summary_large_image\" \/>\n<meta name=\"twitter:label1\" content=\"Tiempo de lectura\" \/>\n\t<meta name=\"twitter:data1\" content=\"1 minuto\" \/>\n<script type=\"application\/ld+json\" class=\"yoast-schema-graph\">{\"@context\":\"https:\/\/schema.org\",\"@graph\":[{\"@type\":\"WebSite\",\"@id\":\"https:\/\/testi.eduexcellence.fi\/#website\",\"url\":\"https:\/\/testi.eduexcellence.fi\/\",\"name\":\"EduExcellence\",\"description\":\"The Gateway to Finnish Higher Education\",\"potentialAction\":[{\"@type\":\"SearchAction\",\"target\":{\"@type\":\"EntryPoint\",\"urlTemplate\":\"https:\/\/testi.eduexcellence.fi\/?s={search_term_string}\"},\"query-input\":\"required name=search_term_string\"}],\"inLanguage\":\"es\"},{\"@type\":\"ImageObject\",\"@id\":\"http:\/\/testi.eduexcellence.fi\/zh\/%e6%9c%8d%e5%8a%a1\/%e5%bc%ba%e5%8c%96%e8%af%be%e7%a8%8b\/#primaryimage\",\"inLanguage\":\"es\",\"url\":\"https:\/\/testi.eduexcellence.fi\/wp-content\/uploads\/2019\/04\/EduExcellence-intensivecourse.jpg\",\"contentUrl\":\"https:\/\/testi.eduexcellence.fi\/wp-content\/uploads\/2019\/04\/EduExcellence-intensivecourse.jpg\",\"width\":943,\"height\":630},{\"@type\":\"WebPage\",\"@id\":\"http:\/\/testi.eduexcellence.fi\/zh\/%e6%9c%8d%e5%8a%a1\/%e5%bc%ba%e5%8c%96%e8%af%be%e7%a8%8b\/#webpage\",\"url\":\"http:\/\/testi.eduexcellence.fi\/zh\/%e6%9c%8d%e5%8a%a1\/%e5%bc%ba%e5%8c%96%e8%af%be%e7%a8%8b\/\",\"name\":\"Intensive Courses \\u2013 EduExcellence\",\"isPartOf\":{\"@id\":\"https:\/\/testi.eduexcellence.fi\/#website\"},\"primaryImageOfPage\":{\"@id\":\"http:\/\/testi.eduexcellence.fi\/zh\/%e6%9c%8d%e5%8a%a1\/%e5%bc%ba%e5%8c%96%e8%af%be%e7%a8%8b\/#primaryimage\"},\"datePublished\":\"2019-01-23T11:46:17+00:00\",\"dateModified\":\"2019-05-09T13:14:52+00:00\",\"description\":\"Intensive courses serve as a crash-course for the designated subject. We design and deliver tailored courses and workshops in number of areas of expertise.\",\"breadcrumb\":{\"@id\":\"http:\/\/testi.eduexcellence.fi\/zh\/%e6%9c%8d%e5%8a%a1\/%e5%bc%ba%e5%8c%96%e8%af%be%e7%a8%8b\/#breadcrumb\"},\"inLanguage\":\"es\",\"potentialAction\":[{\"@type\":\"ReadAction\",\"target\":[\"http:\/\/testi.eduexcellence.fi\/zh\/%e6%9c%8d%e5%8a%a1\/%e5%bc%ba%e5%8c%96%e8%af%be%e7%a8%8b\/\"]}]},{\"@type\":\"BreadcrumbList\",\"@id\":\"http:\/\/testi.eduexcellence.fi\/zh\/%e6%9c%8d%e5%8a%a1\/%e5%bc%ba%e5%8c%96%e8%af%be%e7%a8%8b\/#breadcrumb\",\"itemListElement\":[{\"@type\":\"ListItem\",\"position\":1,\"name\":\"Home\",\"item\":\"https:\/\/testi.eduexcellence.fi\/\"},{\"@type\":\"ListItem\",\"position\":2,\"name\":\"Services\",\"item\":\"http:\/\/testi.eduexcellence.fi\/zh\/%e6%9c%8d%e5%8a%a1\/\"},{\"@type\":\"ListItem\",\"position\":3,\"name\":\"Intensive Courses\"}]}]}<\/script>\n<!-- \/ Yoast SEO plugin. -->","yoast_head_json":{"title":"Intensive Courses \u2013 EduExcellence","description":"Intensive courses serve as a crash-course for the designated subject. We design and deliver tailored courses and workshops in number of areas of expertise.","robots":{"index":"noindex","follow":"follow","max-snippet":"max-snippet:-1","max-image-preview":"max-image-preview:large","max-video-preview":"max-video-preview:-1"},"og_locale":"es_ES","og_type":"article","og_title":"Intensive Courses \u2013 EduExcellence","og_description":"Intensive courses serve as a crash-course for the designated subject. We design and deliver tailored courses and workshops in number of areas of expertise.","og_url":"http:\/\/testi.eduexcellence.fi\/es\/\u670d\u52a1\/\u5f3a\u5316\u8bfe\u7a0b\/","og_site_name":"EduExcellence","article_modified_time":"2019-05-09T13:14:52+00:00","og_image":[{"width":943,"height":630,"url":"http:\/\/testi.eduexcellence.fi\/wp-content\/uploads\/2019\/04\/EduExcellence-intensivecourse.jpg","path":"\/home\/eduexcel\/public_html\/wp-content\/uploads\/2019\/04\/EduExcellence-intensivecourse.jpg","size":"full","id":750,"alt":"","pixels":594090,"type":"image\/jpeg"}],"twitter_card":"summary_large_image","twitter_misc":{"Tiempo de lectura":"1 minuto"},"schema":{"@context":"https:\/\/schema.org","@graph":[{"@type":"WebSite","@id":"https:\/\/testi.eduexcellence.fi\/#website","url":"https:\/\/testi.eduexcellence.fi\/","name":"EduExcellence","description":"The Gateway to Finnish Higher Education","potentialAction":[{"@type":"SearchAction","target":{"@type":"EntryPoint","urlTemplate":"https:\/\/testi.eduexcellence.fi\/?s={search_term_string}"},"query-input":"required name=search_term_string"}],"inLanguage":"es"},{"@type":"ImageObject","@id":"http:\/\/testi.eduexcellence.fi\/zh\/%e6%9c%8d%e5%8a%a1\/%e5%bc%ba%e5%8c%96%e8%af%be%e7%a8%8b\/#primaryimage","inLanguage":"es","url":"https:\/\/testi.eduexcellence.fi\/wp-content\/uploads\/2019\/04\/EduExcellence-intensivecourse.jpg","contentUrl":"https:\/\/testi.eduexcellence.fi\/wp-content\/uploads\/2019\/04\/EduExcellence-intensivecourse.jpg","width":943,"height":630},{"@type":"WebPage","@id":"http:\/\/testi.eduexcellence.fi\/zh\/%e6%9c%8d%e5%8a%a1\/%e5%bc%ba%e5%8c%96%e8%af%be%e7%a8%8b\/#webpage","url":"http:\/\/testi.eduexcellence.fi\/zh\/%e6%9c%8d%e5%8a%a1\/%e5%bc%ba%e5%8c%96%e8%af%be%e7%a8%8b\/","name":"Intensive Courses \u2013 EduExcellence","isPartOf":{"@id":"https:\/\/testi.eduexcellence.fi\/#website"},"primaryImageOfPage":{"@id":"http:\/\/testi.eduexcellence.fi\/zh\/%e6%9c%8d%e5%8a%a1\/%e5%bc%ba%e5%8c%96%e8%af%be%e7%a8%8b\/#primaryimage"},"datePublished":"2019-01-23T11:46:17+00:00","dateModified":"2019-05-09T13:14:52+00:00","description":"Intensive courses serve as a crash-course for the designated subject. We design and deliver tailored courses and workshops in number of areas of expertise.","breadcrumb":{"@id":"http:\/\/testi.eduexcellence.fi\/zh\/%e6%9c%8d%e5%8a%a1\/%e5%bc%ba%e5%8c%96%e8%af%be%e7%a8%8b\/#breadcrumb"},"inLanguage":"es","potentialAction":[{"@type":"ReadAction","target":["http:\/\/testi.eduexcellence.fi\/zh\/%e6%9c%8d%e5%8a%a1\/%e5%bc%ba%e5%8c%96%e8%af%be%e7%a8%8b\/"]}]},{"@type":"BreadcrumbList","@id":"http:\/\/testi.eduexcellence.fi\/zh\/%e6%9c%8d%e5%8a%a1\/%e5%bc%ba%e5%8c%96%e8%af%be%e7%a8%8b\/#breadcrumb","itemListElement":[{"@type":"ListItem","position":1,"name":"Home","item":"https:\/\/testi.eduexcellence.fi\/"},{"@type":"ListItem","position":2,"name":"Services","item":"http:\/\/testi.eduexcellence.fi\/zh\/%e6%9c%8d%e5%8a%a1\/"},{"@type":"ListItem","position":3,"name":"Intensive Courses"}]}]}},"_links":{"self":[{"href":"https:\/\/testi.eduexcellence.fi\/es\/wp-json\/wp\/v2\/pages\/61"}],"collection":[{"href":"https:\/\/testi.eduexcellence.fi\/es\/wp-json\/wp\/v2\/pages"}],"about":[{"href":"https:\/\/testi.eduexcellence.fi\/es\/wp-json\/wp\/v2\/types\/page"}],"author":[{"embeddable":true,"href":"https:\/\/testi.eduexcellence.fi\/es\/wp-json\/wp\/v2\/users\/1"}],"replies":[{"embeddable":true,"href":"https:\/\/testi.eduexcellence.fi\/es\/wp-json\/wp\/v2\/comments?post=61"}],"version-history":[{"count":12,"href":"https:\/\/testi.eduexcellence.fi\/es\/wp-json\/wp\/v2\/pages\/61\/revisions"}],"predecessor-version":[{"id":2596,"href":"https:\/\/testi.eduexcellence.fi\/es\/wp-json\/wp\/v2\/pages\/61\/revisions\/2596"}],"up":[{"embeddable":true,"href":"https:\/\/testi.eduexcellence.fi\/es\/wp-json\/wp\/v2\/pages\/25"}],"wp:featuredmedia":[{"embeddable":true,"href":"https:\/\/testi.eduexcellence.fi\/es\/wp-json\/wp\/v2\/media\/750"}],"wp:attachment":[{"href":"https:\/\/testi.eduexcellence.fi\/es\/wp-json\/wp\/v2\/media?parent=61"}],"curies":[{"name":"wp","href":"https:\/\/api.w.org\/{rel}","templated":true}]}}