{"id":59,"date":"2019-01-23T13:45:33","date_gmt":"2019-01-23T11:45:33","guid":{"rendered":"http:\/\/31.217.192.177\/~eduexcel\/?page_id=59"},"modified":"2019-05-09T16:06:34","modified_gmt":"2019-05-09T13:06:34","slug":"consultancy","status":"publish","type":"page","link":"https:\/\/testi.eduexcellence.fi\/es\/servicios\/consultoria\/","title":{"rendered":"Servicios de Consultor\u00eda"},"content":{"rendered":"<p>Los modelos educativos y sociales de Finlandia gozan de un gran reconocimiento y prestigio en todo el mundo, y nuestro enfoque en el desarrollo de modelos y la aplicaci\u00f3n de reformas siempre ha sido pragm\u00e1ticos y pr\u00e1cticos. EduExcellence es una plataforma de servicios para adaptar los conocimientos y mejores pr\u00e1cticas de la educaci\u00f3n finlandesa y la experiencia en la aplicaci\u00f3n de reformas en varios niveles.<\/p>\n<h3>Nuestras soluciones de consultor\u00eda incluyen lo siguiente:<\/h3>\n<p>\u2013 Reformas y transformaciones en la educaci\u00f3n<br \/>\n\u2013 Dise\u00f1o de planes de estudios y entornos de aprendizaje basados en la competencia<br \/>\n\u2013 Colaboraci\u00f3n entre la universidad y la industria y desarrollo de aptitudes para la vida laboral<br \/>\n\u2013 Establecimiento de una instituci\u00f3n educativa<br \/>\n\u2013 Desarrollo y gesti\u00f3n de instituciones educativas<br \/>\n\u2013 Calidad en la educaci\u00f3n (evaluaci\u00f3n, auditor\u00eda y certificaci\u00f3n).<\/p>\n<p>Le ayudamos a impulsar el cambio mediante la creaci\u00f3n conjunta de planes de desarrollo e implementaci\u00f3n, con el fin de ayudarle a alcanzar su estrategia pr\u00e1ctica basada en la competencia.<\/p>\n<p><a class=\"edu-button\" href=\"https:\/\/testi.eduexcellence.fi\/es\/press-release-26-9-2018-finnish-expertise-to-support-vocational-training-reform-in-uruguay\/\">Conozca m\u00e1s<\/a><\/p>","protected":false},"excerpt":{"rendered":"<p>Finland\u2019s education and societal models are highly recognised around the world, and our approach to model development and reform implementation has always been pragmatic and practical. EduExcellence is a delivery platform for adapting Finnish educational knowhow and reform implementation expertise on various levels. Our consultancy solutions include the following: &#8211; Reforms and transformations in education [&hellip;]<\/p>","protected":false},"author":1,"featured_media":638,"parent":25,"menu_order":0,"comment_status":"closed","ping_status":"closed","template":"","meta":[],"yoast_head":"<!-- This site is optimized with the Yoast SEO plugin v16.9 - https:\/\/yoast.com\/wordpress\/plugins\/seo\/ -->\n<title>Consultancy \u2013 EduExcellence<\/title>\n<meta name=\"description\" content=\"Solutions range from educational system development to designing and implementing new skills development programmes for organisations or companies.\" \/>\n<meta name=\"robots\" content=\"noindex, follow, max-snippet:-1, max-image-preview:large, max-video-preview:-1\" \/>\n<meta property=\"og:locale\" content=\"es_ES\" \/>\n<meta property=\"og:type\" content=\"article\" \/>\n<meta property=\"og:title\" content=\"Consultancy \u2013 EduExcellence\" \/>\n<meta property=\"og:description\" content=\"Solutions range from educational system development to designing and implementing new skills development programmes for organisations or companies.\" \/>\n<meta property=\"og:url\" content=\"http:\/\/testi.eduexcellence.fi\/es\/\u670d\u52a1\/\u54a8\u8be2\u670d\u52a1\/\" \/>\n<meta property=\"og:site_name\" content=\"EduExcellence\" \/>\n<meta property=\"article:modified_time\" content=\"2019-05-09T13:06:34+00:00\" \/>\n<meta property=\"og:image\" content=\"http:\/\/testi.eduexcellence.fi\/wp-content\/uploads\/2019\/04\/EduExcellence-consultancy.jpg\" \/>\n\t<meta property=\"og:image:width\" content=\"1000\" \/>\n\t<meta property=\"og:image:height\" content=\"667\" \/>\n<meta name=\"twitter:card\" content=\"summary_large_image\" \/>\n<meta name=\"twitter:label1\" content=\"Tiempo de lectura\" \/>\n\t<meta name=\"twitter:data1\" content=\"1 minuto\" \/>\n<script type=\"application\/ld+json\" class=\"yoast-schema-graph\">{\"@context\":\"https:\/\/schema.org\",\"@graph\":[{\"@type\":\"WebSite\",\"@id\":\"https:\/\/testi.eduexcellence.fi\/#website\",\"url\":\"https:\/\/testi.eduexcellence.fi\/\",\"name\":\"EduExcellence\",\"description\":\"The Gateway to Finnish Higher Education\",\"potentialAction\":[{\"@type\":\"SearchAction\",\"target\":{\"@type\":\"EntryPoint\",\"urlTemplate\":\"https:\/\/testi.eduexcellence.fi\/?s={search_term_string}\"},\"query-input\":\"required name=search_term_string\"}],\"inLanguage\":\"es\"},{\"@type\":\"ImageObject\",\"@id\":\"http:\/\/testi.eduexcellence.fi\/zh\/%e6%9c%8d%e5%8a%a1\/%e5%92%a8%e8%af%a2%e6%9c%8d%e5%8a%a1\/#primaryimage\",\"inLanguage\":\"es\",\"url\":\"https:\/\/testi.eduexcellence.fi\/wp-content\/uploads\/2019\/04\/EduExcellence-consultancy.jpg\",\"contentUrl\":\"https:\/\/testi.eduexcellence.fi\/wp-content\/uploads\/2019\/04\/EduExcellence-consultancy.jpg\",\"width\":1000,\"height\":667},{\"@type\":\"WebPage\",\"@id\":\"http:\/\/testi.eduexcellence.fi\/zh\/%e6%9c%8d%e5%8a%a1\/%e5%92%a8%e8%af%a2%e6%9c%8d%e5%8a%a1\/#webpage\",\"url\":\"http:\/\/testi.eduexcellence.fi\/zh\/%e6%9c%8d%e5%8a%a1\/%e5%92%a8%e8%af%a2%e6%9c%8d%e5%8a%a1\/\",\"name\":\"Consultancy \\u2013 EduExcellence\",\"isPartOf\":{\"@id\":\"https:\/\/testi.eduexcellence.fi\/#website\"},\"primaryImageOfPage\":{\"@id\":\"http:\/\/testi.eduexcellence.fi\/zh\/%e6%9c%8d%e5%8a%a1\/%e5%92%a8%e8%af%a2%e6%9c%8d%e5%8a%a1\/#primaryimage\"},\"datePublished\":\"2019-01-23T11:45:33+00:00\",\"dateModified\":\"2019-05-09T13:06:34+00:00\",\"description\":\"Solutions range from educational system development to designing and implementing new skills development programmes for organisations or companies.\",\"breadcrumb\":{\"@id\":\"http:\/\/testi.eduexcellence.fi\/zh\/%e6%9c%8d%e5%8a%a1\/%e5%92%a8%e8%af%a2%e6%9c%8d%e5%8a%a1\/#breadcrumb\"},\"inLanguage\":\"es\",\"potentialAction\":[{\"@type\":\"ReadAction\",\"target\":[\"http:\/\/testi.eduexcellence.fi\/zh\/%e6%9c%8d%e5%8a%a1\/%e5%92%a8%e8%af%a2%e6%9c%8d%e5%8a%a1\/\"]}]},{\"@type\":\"BreadcrumbList\",\"@id\":\"http:\/\/testi.eduexcellence.fi\/zh\/%e6%9c%8d%e5%8a%a1\/%e5%92%a8%e8%af%a2%e6%9c%8d%e5%8a%a1\/#breadcrumb\",\"itemListElement\":[{\"@type\":\"ListItem\",\"position\":1,\"name\":\"Home\",\"item\":\"https:\/\/testi.eduexcellence.fi\/\"},{\"@type\":\"ListItem\",\"position\":2,\"name\":\"Services\",\"item\":\"http:\/\/testi.eduexcellence.fi\/zh\/%e6%9c%8d%e5%8a%a1\/\"},{\"@type\":\"ListItem\",\"position\":3,\"name\":\"Consultancy\"}]}]}<\/script>\n<!-- \/ Yoast SEO plugin. -->","yoast_head_json":{"title":"Consultancy \u2013 EduExcellence","description":"Solutions range from educational system development to designing and implementing new skills development programmes for organisations or companies.","robots":{"index":"noindex","follow":"follow","max-snippet":"max-snippet:-1","max-image-preview":"max-image-preview:large","max-video-preview":"max-video-preview:-1"},"og_locale":"es_ES","og_type":"article","og_title":"Consultancy \u2013 EduExcellence","og_description":"Solutions range from educational system development to designing and implementing new skills development programmes for organisations or companies.","og_url":"http:\/\/testi.eduexcellence.fi\/es\/\u670d\u52a1\/\u54a8\u8be2\u670d\u52a1\/","og_site_name":"EduExcellence","article_modified_time":"2019-05-09T13:06:34+00:00","og_image":[{"width":1000,"height":667,"url":"http:\/\/testi.eduexcellence.fi\/wp-content\/uploads\/2019\/04\/EduExcellence-consultancy.jpg","path":"\/home\/eduexcel\/public_html\/wp-content\/uploads\/2019\/04\/EduExcellence-consultancy.jpg","size":"full","id":638,"alt":"","pixels":667000,"type":"image\/jpeg"}],"twitter_card":"summary_large_image","twitter_misc":{"Tiempo de lectura":"1 minuto"},"schema":{"@context":"https:\/\/schema.org","@graph":[{"@type":"WebSite","@id":"https:\/\/testi.eduexcellence.fi\/#website","url":"https:\/\/testi.eduexcellence.fi\/","name":"EduExcellence","description":"The Gateway to Finnish Higher Education","potentialAction":[{"@type":"SearchAction","target":{"@type":"EntryPoint","urlTemplate":"https:\/\/testi.eduexcellence.fi\/?s={search_term_string}"},"query-input":"required name=search_term_string"}],"inLanguage":"es"},{"@type":"ImageObject","@id":"http:\/\/testi.eduexcellence.fi\/zh\/%e6%9c%8d%e5%8a%a1\/%e5%92%a8%e8%af%a2%e6%9c%8d%e5%8a%a1\/#primaryimage","inLanguage":"es","url":"https:\/\/testi.eduexcellence.fi\/wp-content\/uploads\/2019\/04\/EduExcellence-consultancy.jpg","contentUrl":"https:\/\/testi.eduexcellence.fi\/wp-content\/uploads\/2019\/04\/EduExcellence-consultancy.jpg","width":1000,"height":667},{"@type":"WebPage","@id":"http:\/\/testi.eduexcellence.fi\/zh\/%e6%9c%8d%e5%8a%a1\/%e5%92%a8%e8%af%a2%e6%9c%8d%e5%8a%a1\/#webpage","url":"http:\/\/testi.eduexcellence.fi\/zh\/%e6%9c%8d%e5%8a%a1\/%e5%92%a8%e8%af%a2%e6%9c%8d%e5%8a%a1\/","name":"Consultancy \u2013 EduExcellence","isPartOf":{"@id":"https:\/\/testi.eduexcellence.fi\/#website"},"primaryImageOfPage":{"@id":"http:\/\/testi.eduexcellence.fi\/zh\/%e6%9c%8d%e5%8a%a1\/%e5%92%a8%e8%af%a2%e6%9c%8d%e5%8a%a1\/#primaryimage"},"datePublished":"2019-01-23T11:45:33+00:00","dateModified":"2019-05-09T13:06:34+00:00","description":"Solutions range from educational system development to designing and implementing new skills development programmes for organisations or companies.","breadcrumb":{"@id":"http:\/\/testi.eduexcellence.fi\/zh\/%e6%9c%8d%e5%8a%a1\/%e5%92%a8%e8%af%a2%e6%9c%8d%e5%8a%a1\/#breadcrumb"},"inLanguage":"es","potentialAction":[{"@type":"ReadAction","target":["http:\/\/testi.eduexcellence.fi\/zh\/%e6%9c%8d%e5%8a%a1\/%e5%92%a8%e8%af%a2%e6%9c%8d%e5%8a%a1\/"]}]},{"@type":"BreadcrumbList","@id":"http:\/\/testi.eduexcellence.fi\/zh\/%e6%9c%8d%e5%8a%a1\/%e5%92%a8%e8%af%a2%e6%9c%8d%e5%8a%a1\/#breadcrumb","itemListElement":[{"@type":"ListItem","position":1,"name":"Home","item":"https:\/\/testi.eduexcellence.fi\/"},{"@type":"ListItem","position":2,"name":"Services","item":"http:\/\/testi.eduexcellence.fi\/zh\/%e6%9c%8d%e5%8a%a1\/"},{"@type":"ListItem","position":3,"name":"Consultancy"}]}]}},"_links":{"self":[{"href":"https:\/\/testi.eduexcellence.fi\/es\/wp-json\/wp\/v2\/pages\/59"}],"collection":[{"href":"https:\/\/testi.eduexcellence.fi\/es\/wp-json\/wp\/v2\/pages"}],"about":[{"href":"https:\/\/testi.eduexcellence.fi\/es\/wp-json\/wp\/v2\/types\/page"}],"author":[{"embeddable":true,"href":"https:\/\/testi.eduexcellence.fi\/es\/wp-json\/wp\/v2\/users\/1"}],"replies":[{"embeddable":true,"href":"https:\/\/testi.eduexcellence.fi\/es\/wp-json\/wp\/v2\/comments?post=59"}],"version-history":[{"count":25,"href":"https:\/\/testi.eduexcellence.fi\/es\/wp-json\/wp\/v2\/pages\/59\/revisions"}],"predecessor-version":[{"id":2592,"href":"https:\/\/testi.eduexcellence.fi\/es\/wp-json\/wp\/v2\/pages\/59\/revisions\/2592"}],"up":[{"embeddable":true,"href":"https:\/\/testi.eduexcellence.fi\/es\/wp-json\/wp\/v2\/pages\/25"}],"wp:featuredmedia":[{"embeddable":true,"href":"https:\/\/testi.eduexcellence.fi\/es\/wp-json\/wp\/v2\/media\/638"}],"wp:attachment":[{"href":"https:\/\/testi.eduexcellence.fi\/es\/wp-json\/wp\/v2\/media?parent=59"}],"curies":[{"name":"wp","href":"https:\/\/api.w.org\/{rel}","templated":true}]}}