{"id":57,"date":"2019-01-23T13:44:52","date_gmt":"2019-01-23T11:44:52","guid":{"rendered":"http:\/\/31.217.192.177\/~eduexcel\/?page_id=57"},"modified":"2019-05-08T15:45:35","modified_gmt":"2019-05-08T12:45:35","slug":"expertise","status":"publish","type":"page","link":"https:\/\/testi.eduexcellence.fi\/es\/areas-de-excelencia\/","title":{"rendered":"Experiencia"},"content":{"rendered":"<div data-elementor-type=\"wp-post\" data-elementor-id=\"57\" class=\"elementor elementor-57\" data-elementor-settings=\"[]\">\n\t\t\t\t\t\t<div class=\"elementor-inner\">\n\t\t\t\t\t\t\t<div class=\"elementor-section-wrap\">\n\t\t\t\t\t\t\t<section class=\"elementor-section elementor-top-section elementor-element elementor-element-4254e4b elementor-section-height-min-height elementor-section-items-top elementor-section-boxed elementor-section-height-default\" data-id=\"4254e4b\" data-element_type=\"section\" data-settings=\"{&quot;background_background&quot;:&quot;classic&quot;}\">\n\t\t\t\t\t\t\t<div class=\"elementor-background-overlay\"><\/div>\n\t\t\t\t\t\t\t<div class=\"elementor-container elementor-column-gap-no\">\n\t\t\t\t\t\t\t<div class=\"elementor-row\">\n\t\t\t\t\t<div class=\"elementor-column elementor-col-100 elementor-top-column elementor-element elementor-element-2d092ed\" data-id=\"2d092ed\" data-element_type=\"column\">\n\t\t\t<div class=\"elementor-column-wrap elementor-element-populated\">\n\t\t\t\t\t\t\t<div class=\"elementor-widget-wrap\">\n\t\t\t\t\t\t<div class=\"elementor-element elementor-element-59c6a80 elementor-widget elementor-widget-theme-post-title elementor-page-title elementor-widget-heading\" data-id=\"59c6a80\" data-element_type=\"widget\" data-widget_type=\"theme-post-title.default\">\n\t\t\t\t<div class=\"elementor-widget-container\">\n\t\t\t<h2 class=\"elementor-heading-title elementor-size-default\">Experiencia<\/h2>\t\t<\/div>\n\t\t\t\t<\/div>\n\t\t\t\t<div class=\"elementor-element elementor-element-cd16a8b elementor-widget elementor-widget-text-editor\" data-id=\"cd16a8b\" data-element_type=\"widget\" data-widget_type=\"text-editor.default\">\n\t\t\t\t<div class=\"elementor-widget-container\">\n\t\t\t\t\t\t\t\t<div class=\"elementor-text-editor elementor-clearfix\">\n\t\t\t\t<p>Todas nuestras soluciones y consultor\u00edas se basan en el modelo finland\u00e9s de aprendizaje interdisciplinario y basado en competencias.<\/p><p>Creamos soluciones integrales para ayudar a nuestros clientes a maximizar los beneficios de la vinculaci\u00f3n con el sector productivo.<\/p><p>Podemos adaptar y crear soluciones integrales a partir de todas estas \u00e1reas principales de especializaci\u00f3n que se tratan a continuaci\u00f3n:<\/p>\t\t\t\t\t<\/div>\n\t\t\t\t\t\t<\/div>\n\t\t\t\t<\/div>\n\t\t\t\t<div class=\"elementor-element elementor-element-d15b80e elementor-widget elementor-widget-toggle\" data-id=\"d15b80e\" data-element_type=\"widget\" data-widget_type=\"toggle.default\">\n\t\t\t\t<div class=\"elementor-widget-container\">\n\t\t\t\t\t<div class=\"elementor-toggle\" role=\"tablist\">\n\t\t\t\t\t\t\t<div class=\"elementor-toggle-item\">\n\t\t\t\t\t<h3 id=\"elementor-tab-title-2191\" class=\"elementor-tab-title\" data-tab=\"1\" role=\"tab\" aria-controls=\"elementor-tab-content-2191\" aria-expanded=\"false\">\n\t\t\t\t\t\t\t\t\t\t\t\t<span class=\"elementor-toggle-icon elementor-toggle-icon-left\" aria-hidden=\"true\">\n\t\t\t\t\t\t\t\t\t\t\t\t\t\t\t<i class=\"elementor-toggle-icon-closed fa fa-angle-right\"><\/i>\n\t\t\t\t\t\t\t\t<i class=\"elementor-toggle-icon-opened fa fa-angle-down\"><\/i>\n\t\t\t\t\t\t\t\t\t\t\t\t\t<\/span>\n\t\t\t\t\t\t\t\t\t\t\t\t<a href=\"\" class=\"elementor-toggle-title\">Pedagog\u00eda Moderna<\/a>\n\t\t\t\t\t<\/h3>\n\n\t\t\t\t\t<div id=\"elementor-tab-content-2191\" class=\"elementor-tab-content elementor-clearfix\" data-tab=\"1\" role=\"tabpanel\" aria-labelledby=\"elementor-tab-title-2191\"><p>El sistema educativo y el respeto por la educaci\u00f3n tienen una correlaci\u00f3n directa con el desarrollo econ\u00f3mico y social de una naci\u00f3n. El nivel de la pedagog\u00eda y los m\u00e9todos de aprendizaje influyen en la motivaci\u00f3n y el respeto de la profesi\u00f3n docente, el rendimiento de los estudiantes en el aprendizaje y la evaluaci\u00f3n y el prestigio general de una universidad. Es m\u00e1s f\u00e1cil responder a las necesidades del crecimiento de las empresas y la sociedad cuando los esfuerzos de educaci\u00f3n y competencia son innovadores y est\u00e1n orientados al cambio.<\/p><h4>El crecimiento innovador se basa en la pedagog\u00eda moderna.<\/h4><p>El sistema educativo finland\u00e9s y los modelos de pedagog\u00eda moderna son ampliamente conocidos y muy apreciados en todo el mundo. Nuestro propio camino se traza partiendo de ser un pa\u00eds pobre a una de las econom\u00edas m\u00e1s innovadoras del mundo y a una naci\u00f3n de igualdad de oportunidades. Por esta raz\u00f3n contamos con una experiencia s\u00f3lida en el desarrollo de un sistema educativo vinculado con la vida laboral para el crecimiento econ\u00f3mico. Dado a esto entendemos las necesidades de las empresas y del mundo del trabajo, y sabemos c\u00f3mo encajarlas a trav\u00e9s de la educaci\u00f3n y el aprendizaje. Comenzamos con un an\u00e1lisis actual para trazar las necesidades demandadas y contribuimos a la construcci\u00f3n de una visi\u00f3n hacia las competencias deseadas para su cambio.<\/p><h4>Nuestra oferta hol\u00edstica en la educaci\u00f3n moderna consiste en lo siguiente:<\/h4><p>Programas de estudio y formaci\u00f3n:<\/p><ul><li>Formaci\u00f3n en pedagog\u00eda moderna para acad\u00e9micos y profesores.<\/li><li>Programa de maestr\u00eda en gesti\u00f3n de la educaci\u00f3n para dirigentes.<\/li><li>Educaci\u00f3n de la primera infancia.<\/li><li>Educaci\u00f3n de maestros y consejeros de orientaci\u00f3n con necesidades especiales.<\/li><li>Programas de formador de formadores<\/li><\/ul><p>Programas de formaci\u00f3n de formadores Consultor\u00eda:<\/p><ul><li>Dise\u00f1o de curr\u00edculo basado en competencias.<\/li><li>Aseguramiento de la calidad educativa.<\/li><li>Reformas y desarrollo de los modelos educativos.<\/li><\/ul><p><iframe loading=\"lazy\" src=\"https:\/\/www.youtube.com\/embed\/oZkPgsGLnP4\" width=\"560\" height=\"315\" frameborder=\"0\" allowfullscreen=\"allowfullscreen\"><\/iframe><\/p><\/div>\n\t\t\t\t<\/div>\n\t\t\t\t\t\t\t<div class=\"elementor-toggle-item\">\n\t\t\t\t\t<h3 id=\"elementor-tab-title-2192\" class=\"elementor-tab-title\" data-tab=\"2\" role=\"tab\" aria-controls=\"elementor-tab-content-2192\" aria-expanded=\"false\">\n\t\t\t\t\t\t\t\t\t\t\t\t<span class=\"elementor-toggle-icon elementor-toggle-icon-left\" aria-hidden=\"true\">\n\t\t\t\t\t\t\t\t\t\t\t\t\t\t\t<i class=\"elementor-toggle-icon-closed fa fa-angle-right\"><\/i>\n\t\t\t\t\t\t\t\t<i class=\"elementor-toggle-icon-opened fa fa-angle-down\"><\/i>\n\t\t\t\t\t\t\t\t\t\t\t\t\t<\/span>\n\t\t\t\t\t\t\t\t\t\t\t\t<a href=\"\" class=\"elementor-toggle-title\">Tecnolog\u00edas del Futuro <\/a>\n\t\t\t\t\t<\/h3>\n\n\t\t\t\t\t<div id=\"elementor-tab-content-2192\" class=\"elementor-tab-content elementor-clearfix\" data-tab=\"2\" role=\"tabpanel\" aria-labelledby=\"elementor-tab-title-2192\"><p>Nuestro planeta se enfrenta a graves amenazas por el cambio clim\u00e1tico y la urbanizaci\u00f3n, as\u00ed como por cosas como los residuos y el tratamiento de aguas residuales. Debemos buscar soluciones sostenibles a estos problemas, y la tecnolog\u00eda moderna es parte de ello.  Se est\u00e1n produciendo muchas innovaciones que ayudar\u00e1n a las naciones, las ciudades y los individuos a comenzar a abordar estos desaf\u00edos. \u00bfTiene usted las competencias para abordar los desaf\u00edos de su naci\u00f3n o sociedad con tecnolog\u00eda moderna e innovaci\u00f3n?<\/p><p>Nuestros conocimientos, experiencias y perspicacia pueden ayudar a encontrar soluciones educativas para desarrollar las competencias de las tecnolog\u00edas futuras para sus necesidades.<\/p><h4>Nuestras soluciones incluyen:<\/h4><ul><li>Modernizaci\u00f3n de programas de desarrollo por competencias y educaci\u00f3n para las necesidades de la Industria 4.0.<\/li><li>Renovaci\u00f3n curricular basada en competencias interdisciplinarias.<\/li><li>Programas de licenciatura\/certificaci\u00f3n para la industria 4.0 \/ Tecnolog\u00edas del futuro. Formaciones y proyectos sobre Ciberseguridad, Tecnolog\u00edas Renovables, Ingenier\u00eda Automotriz, Cadena de Bloques, Econom\u00eda Circular, Soluciones Limpias y Sostenibles, Gamification (Ludificaci\u00f3n), Ciudades Inteligentes, Internet de las Cosas, AR\/VR\/XR, Rob\u00f3tica, Movilidad Inteligente.<br \/>Trainings and projects on Cybersecurity, Engineering, Automotive Engineering, Blockchain, Circular Economy, Clean and Sustainable Solutions, Gaming, Intelligent Cities, Internet of Things, AR\/VR\/XR, Robotics, Smart Mobility.<\/li><\/ul><\/div>\n\t\t\t\t<\/div>\n\t\t\t\t\t\t\t<div class=\"elementor-toggle-item\">\n\t\t\t\t\t<h3 id=\"elementor-tab-title-2193\" class=\"elementor-tab-title\" data-tab=\"3\" role=\"tab\" aria-controls=\"elementor-tab-content-2193\" aria-expanded=\"false\">\n\t\t\t\t\t\t\t\t\t\t\t\t<span class=\"elementor-toggle-icon elementor-toggle-icon-left\" aria-hidden=\"true\">\n\t\t\t\t\t\t\t\t\t\t\t\t\t\t\t<i class=\"elementor-toggle-icon-closed fa fa-angle-right\"><\/i>\n\t\t\t\t\t\t\t\t<i class=\"elementor-toggle-icon-opened fa fa-angle-down\"><\/i>\n\t\t\t\t\t\t\t\t\t\t\t\t\t<\/span>\n\t\t\t\t\t\t\t\t\t\t\t\t<a href=\"\" class=\"elementor-toggle-title\">Educaci\u00f3n empresarial, innovaci\u00f3n y emprendimiento<\/a>\n\t\t\t\t\t<\/h3>\n\n\t\t\t\t\t<div id=\"elementor-tab-content-2193\" class=\"elementor-tab-content elementor-clearfix\" data-tab=\"3\" role=\"tabpanel\" aria-labelledby=\"elementor-tab-title-2193\"><p>El emprendimiento finland\u00e9s, el know-how empresarial y la educaci\u00f3n basada en la vida laboral y familiar se basan en conceptos probados sobre entornos de aprendizaje y la vinculaci\u00f3n con el sector productivo. Integramos conocimientos actuales y creamos ecosistemas donde todas las partes aprenden, prosperen y crean. Con las soluciones de EduExcellence podemos ayudarle a desarrollar estrategias, dise\u00f1ar conceptos y proporcionar a los estudiantes competencias que generen m\u00e1s puestos de trabajo, innovaci\u00f3n y negocios en su entorno.<\/p><h4>Nuestros programas integrales para la educaci\u00f3n empresarial, la innovaci\u00f3n y el emprendimiento incluyen lo siguiente:<\/h4><ul><li>Programas de licenciatura y diplomado en negocios internacionales, ventas y marketing internacional, emprendimiento, dise\u00f1o e innovaci\u00f3n de servicios, entrenamiento y gesti\u00f3n deportiva, administraci\u00f3n de deportes de invierno y gesti\u00f3n de mantenimiento.<\/li><li>Cursos intensivos de emprendimiento y creaci\u00f3n de empresas, entrenamiento, incubaci\u00f3n y aceleraci\u00f3n de empresas, dise\u00f1o de servicios para el desarrollo de la prestaci\u00f3n de servicios en los sectores p\u00fablico y privado.<\/li><li>Consultor\u00eda, como el dise\u00f1o de un nuevo plan de estudios de desarrollo de competencias interdisciplinarias, estudios a medida para dise\u00f1ar e implementar programas en su entorno local, operar y colaborar en un espacio de incubaci\u00f3n.<\/li><\/ul><p>Con nuestros conocimientos y formaci\u00f3n especializada, aprender\u00e1 conceptos y modelos de funcionamiento para establecer ecosistemas de emprendimiento e innovaci\u00f3n, e impulsar el emprendimiento y la innovaci\u00f3n tanto en su regi\u00f3n como en su organizaci\u00f3n. \u00a0<\/p><\/div>\n\t\t\t\t<\/div>\n\t\t\t\t\t\t\t<div class=\"elementor-toggle-item\">\n\t\t\t\t\t<h3 id=\"elementor-tab-title-2194\" class=\"elementor-tab-title\" data-tab=\"4\" role=\"tab\" aria-controls=\"elementor-tab-content-2194\" aria-expanded=\"false\">\n\t\t\t\t\t\t\t\t\t\t\t\t<span class=\"elementor-toggle-icon elementor-toggle-icon-left\" aria-hidden=\"true\">\n\t\t\t\t\t\t\t\t\t\t\t\t\t\t\t<i class=\"elementor-toggle-icon-closed fa fa-angle-right\"><\/i>\n\t\t\t\t\t\t\t\t<i class=\"elementor-toggle-icon-opened fa fa-angle-down\"><\/i>\n\t\t\t\t\t\t\t\t\t\t\t\t\t<\/span>\n\t\t\t\t\t\t\t\t\t\t\t\t<a href=\"\" class=\"elementor-toggle-title\">Salud y Bienestar<\/a>\n\t\t\t\t\t<\/h3>\n\n\t\t\t\t\t<div id=\"elementor-tab-content-2194\" class=\"elementor-tab-content elementor-clearfix\" data-tab=\"4\" role=\"tabpanel\" aria-labelledby=\"elementor-tab-title-2194\"><p>Finlandia tiene uno de los sistemas de atenci\u00f3n m\u00e9dica y hospitalaria m\u00e1s eficientes del mundo. Tambi\u00e9n es lider en la creaci\u00f3n de nuevas innovaciones tecnol\u00f3gicas en salud y bienestar, sensores digitales y tecnolog\u00edas hospitalarias. Nuestra capacidad de innovaci\u00f3n se basa en nuestra educaci\u00f3n, investigaci\u00f3n, sistema econ\u00f3mico y la estrecha colaboraci\u00f3n de universidades, empresas y el sector p\u00fablico. La formaci\u00f3n profesional centrada en la pr\u00e1ctica es nuestra fortaleza, probada en la educaci\u00f3n de habilidades especiales.<\/p><h4>Entre los elementos de nuestras soluciones integrales de atenci\u00f3n sanitaria se incluyen los siguientes:<\/h4><ul><li>Cursos de formaci\u00f3n en enfermer\u00eda, radiolog\u00eda, diabetes y nutrici\u00f3n, salud cardiovascular, cuidado de ancianos, parter\u00eda, cuidados de emergencia, prevenci\u00f3n de infecciones<\/li><li>Programas de licenciatura y dise\u00f1o de planes de estudio en \u00e1reas de especializaci\u00f3n especial<\/li><li>Atenci\u00f3n sanitaria b\u00e1sica y competencias hospitalarias, as\u00ed como la educaci\u00f3n y la formaci\u00f3n en enfermer\u00eda<\/li><li>Consultor\u00eda de las necesidades del sistema hospitalario y desarrollo de asociaciones, construcci\u00f3n de entornos de simulaci\u00f3n y laboratorio para la formaci\u00f3n pr\u00e1ctica.<\/li><\/ul><p>La salud y el bienestar son la inversi\u00f3n central en el futuro. El equilibrio necesario para mantener el bienestar puede cambiar con el tiempo, a trav\u00e9s de las culturas y entre los individuos. Comenzamos nuestra consultor\u00eda en la evaluaci\u00f3n del estado actual de las competencias, y a partir de ah\u00ed ayudamos a encontrar un camino hacia las necesidades futuras.<\/p><p>Con la experiencia de EduExcellence puede mejorar su propia vida y sus competencias, as\u00ed como ayudar a los dem\u00e1s.<\/p><\/div>\n\t\t\t\t<\/div>\n\t\t\t\t\t\t\t<div class=\"elementor-toggle-item\">\n\t\t\t\t\t<h3 id=\"elementor-tab-title-2195\" class=\"elementor-tab-title\" data-tab=\"5\" role=\"tab\" aria-controls=\"elementor-tab-content-2195\" aria-expanded=\"false\">\n\t\t\t\t\t\t\t\t\t\t\t\t<span class=\"elementor-toggle-icon elementor-toggle-icon-left\" aria-hidden=\"true\">\n\t\t\t\t\t\t\t\t\t\t\t\t\t\t\t<i class=\"elementor-toggle-icon-closed fa fa-angle-right\"><\/i>\n\t\t\t\t\t\t\t\t<i class=\"elementor-toggle-icon-opened fa fa-angle-down\"><\/i>\n\t\t\t\t\t\t\t\t\t\t\t\t\t<\/span>\n\t\t\t\t\t\t\t\t\t\t\t\t<a href=\"\" class=\"elementor-toggle-title\">Turismo y hospitalidad<\/a>\n\t\t\t\t\t<\/h3>\n\n\t\t\t\t\t<div id=\"elementor-tab-content-2195\" class=\"elementor-tab-content elementor-clearfix\" data-tab=\"5\" role=\"tabpanel\" aria-labelledby=\"elementor-tab-title-2195\"><p>La industria de servicios crece con el desarrollo econ\u00f3mico de las naciones. Los viajes y el turismo atraen cada vez m\u00e1s empresas para invertir en servicios, y por ello el grado de desarrollo en este sector se convierte en un factor competitivo. Para beneficiarse de esta tendencia, tanto las empresas como las naciones necesitan ofrecer el nivel de servicio adecuado para sus clientes.\u00a0<\/p><h4>EduExcellence puede ofrecer soluciones de hospitalidad y turismo y educaci\u00f3n en estas \u00e1reas:<\/h4><ul><li>Programas de licenciatura en las \u00e1reas de hospitalidad, turismo y gesti\u00f3n de la experiencia.<\/li><li>Cursos intensivos de creaci\u00f3n de empresas de aviaci\u00f3n y turismo, hosteler\u00eda, gesti\u00f3n estrat\u00e9gica de marcas y gesti\u00f3n de la experiencia.<\/li><li>Consultor\u00eda sobre la creaci\u00f3n de una instituci\u00f3n educativa de hosteler\u00eda.<\/li><\/ul><p>Los programas desarrollar\u00e1n habilidades de comunicaci\u00f3n, as\u00ed como competencias interculturales y personales, a fin de adquirir conocimientos y comprensi\u00f3n de las condiciones culturales y sociales que afectan a la industria.<\/p><\/div>\n\t\t\t\t<\/div>\n\t\t\t\t\t\t\t\t<\/div>\n\t\t\t\t<\/div>\n\t\t\t\t<\/div>\n\t\t\t\t\t\t<\/div>\n\t\t\t\t\t<\/div>\n\t\t<\/div>\n\t\t\t\t\t\t\t\t<\/div>\n\t\t\t\t\t<\/div>\n\t\t<\/section>\n\t\t\t\t\t\t<\/div>\n\t\t\t\t\t\t<\/div>\n\t\t\t\t\t<\/div>","protected":false},"excerpt":{"rendered":"<p>All our solutions and consultancy are based on the Finnish cross-disciplinary and competence-based learning model. We create comprehensive solutions to help our clients maximise benefits of university-industry collaboration. We can tailor and create comprehensive solutions from all these main areas of expertise discussed below: Modern Pedagogy The educational system and respect for education have a [&hellip;]<\/p>","protected":false},"author":1,"featured_media":0,"parent":0,"menu_order":0,"comment_status":"closed","ping_status":"closed","template":"elementor_header_footer","meta":[],"yoast_head":"<!-- This site is optimized with the Yoast SEO plugin v16.9 - https:\/\/yoast.com\/wordpress\/plugins\/seo\/ -->\n<title>Expertise \u2013 EduExcellence<\/title>\n<meta name=\"description\" content=\"On this site you can find the main areas of our expertise from which we tailor and create comprehensive solutions.\" \/>\n<meta name=\"robots\" content=\"noindex, follow, max-snippet:-1, max-image-preview:large, max-video-preview:-1\" \/>\n<meta property=\"og:locale\" content=\"es_ES\" \/>\n<meta property=\"og:type\" content=\"article\" \/>\n<meta property=\"og:title\" content=\"Expertise \u2013 EduExcellence\" \/>\n<meta property=\"og:description\" content=\"On this site you can find the main areas of our expertise from which we tailor and create comprehensive solutions.\" \/>\n<meta property=\"og:url\" content=\"http:\/\/testi.eduexcellence.fi\/es\/\u6211\u4eec\u7684\u4e13\u957f\/\" \/>\n<meta property=\"og:site_name\" content=\"EduExcellence\" \/>\n<meta property=\"article:modified_time\" content=\"2019-05-08T12:45:35+00:00\" \/>\n<meta name=\"twitter:card\" content=\"summary_large_image\" \/>\n<meta name=\"twitter:label1\" content=\"Tiempo de lectura\" \/>\n\t<meta name=\"twitter:data1\" content=\"5 minutos\" \/>\n<script type=\"application\/ld+json\" class=\"yoast-schema-graph\">{\"@context\":\"https:\/\/schema.org\",\"@graph\":[{\"@type\":\"WebSite\",\"@id\":\"https:\/\/testi.eduexcellence.fi\/#website\",\"url\":\"https:\/\/testi.eduexcellence.fi\/\",\"name\":\"EduExcellence\",\"description\":\"The Gateway to Finnish Higher Education\",\"potentialAction\":[{\"@type\":\"SearchAction\",\"target\":{\"@type\":\"EntryPoint\",\"urlTemplate\":\"https:\/\/testi.eduexcellence.fi\/?s={search_term_string}\"},\"query-input\":\"required name=search_term_string\"}],\"inLanguage\":\"es\"},{\"@type\":\"WebPage\",\"@id\":\"http:\/\/testi.eduexcellence.fi\/zh\/%e6%88%91%e4%bb%ac%e7%9a%84%e4%b8%93%e9%95%bf\/#webpage\",\"url\":\"http:\/\/testi.eduexcellence.fi\/zh\/%e6%88%91%e4%bb%ac%e7%9a%84%e4%b8%93%e9%95%bf\/\",\"name\":\"Expertise \\u2013 EduExcellence\",\"isPartOf\":{\"@id\":\"https:\/\/testi.eduexcellence.fi\/#website\"},\"datePublished\":\"2019-01-23T11:44:52+00:00\",\"dateModified\":\"2019-05-08T12:45:35+00:00\",\"description\":\"On this site you can find the main areas of our expertise from which we tailor and create comprehensive solutions.\",\"breadcrumb\":{\"@id\":\"http:\/\/testi.eduexcellence.fi\/zh\/%e6%88%91%e4%bb%ac%e7%9a%84%e4%b8%93%e9%95%bf\/#breadcrumb\"},\"inLanguage\":\"es\",\"potentialAction\":[{\"@type\":\"ReadAction\",\"target\":[\"http:\/\/testi.eduexcellence.fi\/zh\/%e6%88%91%e4%bb%ac%e7%9a%84%e4%b8%93%e9%95%bf\/\"]}]},{\"@type\":\"BreadcrumbList\",\"@id\":\"http:\/\/testi.eduexcellence.fi\/zh\/%e6%88%91%e4%bb%ac%e7%9a%84%e4%b8%93%e9%95%bf\/#breadcrumb\",\"itemListElement\":[{\"@type\":\"ListItem\",\"position\":1,\"name\":\"Home\",\"item\":\"https:\/\/testi.eduexcellence.fi\/\"},{\"@type\":\"ListItem\",\"position\":2,\"name\":\"Expertise\"}]}]}<\/script>\n<!-- \/ Yoast SEO plugin. -->","yoast_head_json":{"title":"Expertise \u2013 EduExcellence","description":"On this site you can find the main areas of our expertise from which we tailor and create comprehensive solutions.","robots":{"index":"noindex","follow":"follow","max-snippet":"max-snippet:-1","max-image-preview":"max-image-preview:large","max-video-preview":"max-video-preview:-1"},"og_locale":"es_ES","og_type":"article","og_title":"Expertise \u2013 EduExcellence","og_description":"On this site you can find the main areas of our expertise from which we tailor and create comprehensive solutions.","og_url":"http:\/\/testi.eduexcellence.fi\/es\/\u6211\u4eec\u7684\u4e13\u957f\/","og_site_name":"EduExcellence","article_modified_time":"2019-05-08T12:45:35+00:00","twitter_card":"summary_large_image","twitter_misc":{"Tiempo de lectura":"5 minutos"},"schema":{"@context":"https:\/\/schema.org","@graph":[{"@type":"WebSite","@id":"https:\/\/testi.eduexcellence.fi\/#website","url":"https:\/\/testi.eduexcellence.fi\/","name":"EduExcellence","description":"The Gateway to Finnish Higher Education","potentialAction":[{"@type":"SearchAction","target":{"@type":"EntryPoint","urlTemplate":"https:\/\/testi.eduexcellence.fi\/?s={search_term_string}"},"query-input":"required name=search_term_string"}],"inLanguage":"es"},{"@type":"WebPage","@id":"http:\/\/testi.eduexcellence.fi\/zh\/%e6%88%91%e4%bb%ac%e7%9a%84%e4%b8%93%e9%95%bf\/#webpage","url":"http:\/\/testi.eduexcellence.fi\/zh\/%e6%88%91%e4%bb%ac%e7%9a%84%e4%b8%93%e9%95%bf\/","name":"Expertise \u2013 EduExcellence","isPartOf":{"@id":"https:\/\/testi.eduexcellence.fi\/#website"},"datePublished":"2019-01-23T11:44:52+00:00","dateModified":"2019-05-08T12:45:35+00:00","description":"On this site you can find the main areas of our expertise from which we tailor and create comprehensive solutions.","breadcrumb":{"@id":"http:\/\/testi.eduexcellence.fi\/zh\/%e6%88%91%e4%bb%ac%e7%9a%84%e4%b8%93%e9%95%bf\/#breadcrumb"},"inLanguage":"es","potentialAction":[{"@type":"ReadAction","target":["http:\/\/testi.eduexcellence.fi\/zh\/%e6%88%91%e4%bb%ac%e7%9a%84%e4%b8%93%e9%95%bf\/"]}]},{"@type":"BreadcrumbList","@id":"http:\/\/testi.eduexcellence.fi\/zh\/%e6%88%91%e4%bb%ac%e7%9a%84%e4%b8%93%e9%95%bf\/#breadcrumb","itemListElement":[{"@type":"ListItem","position":1,"name":"Home","item":"https:\/\/testi.eduexcellence.fi\/"},{"@type":"ListItem","position":2,"name":"Expertise"}]}]}},"_links":{"self":[{"href":"https:\/\/testi.eduexcellence.fi\/es\/wp-json\/wp\/v2\/pages\/57"}],"collection":[{"href":"https:\/\/testi.eduexcellence.fi\/es\/wp-json\/wp\/v2\/pages"}],"about":[{"href":"https:\/\/testi.eduexcellence.fi\/es\/wp-json\/wp\/v2\/types\/page"}],"author":[{"embeddable":true,"href":"https:\/\/testi.eduexcellence.fi\/es\/wp-json\/wp\/v2\/users\/1"}],"replies":[{"embeddable":true,"href":"https:\/\/testi.eduexcellence.fi\/es\/wp-json\/wp\/v2\/comments?post=57"}],"version-history":[{"count":37,"href":"https:\/\/testi.eduexcellence.fi\/es\/wp-json\/wp\/v2\/pages\/57\/revisions"}],"predecessor-version":[{"id":2546,"href":"https:\/\/testi.eduexcellence.fi\/es\/wp-json\/wp\/v2\/pages\/57\/revisions\/2546"}],"wp:attachment":[{"href":"https:\/\/testi.eduexcellence.fi\/es\/wp-json\/wp\/v2\/media?parent=57"}],"curies":[{"name":"wp","href":"https:\/\/api.w.org\/{rel}","templated":true}]}}