{"id":25,"date":"2019-01-23T13:29:32","date_gmt":"2019-01-23T11:29:32","guid":{"rendered":"http:\/\/31.217.192.177\/~eduexcel\/?page_id=25"},"modified":"2019-05-08T16:41:22","modified_gmt":"2019-05-08T13:41:22","slug":"services","status":"publish","type":"page","link":"https:\/\/testi.eduexcellence.fi\/es\/servicios\/","title":{"rendered":"Servicios"},"content":{"rendered":"<p>Proporcionamos la m\u00e1xima experiencia y ejecutamos de manera \u00f3ptima las pr\u00e1cticas y conocimientos del mundialmente conocido sistema econ\u00f3mico finland\u00e9s, incluyendo los conocimientos de nuestras universidades accionistas: Universidades de Ciencias Aplicadas de Haaga-Helia, Laurea y Metropolia.<\/p>\n<p>Contextualizamos nuestra oferta a su cultura y entorno local, contribuyendo a lo largo de su transformaci\u00f3n. Sus anhelos, metas y objetivos se convierten en los nuestros tambi\u00e9n. Trabajamos con usted para definir sus retos y requisitos, y proponemos soluciones innovadoras e integrales que realmente se adaptan a sus necesidades.<\/p>\n<h4>Creamos soluciones integrales para:<\/h4>\n<ul>\n<li>Organizaciones gubernamentales y del sector p\u00fablico<\/li>\n<li>Instituciones educativas<\/li>\n<li>Empresas e industrias<\/li>\n<\/ul>","protected":false},"excerpt":{"rendered":"<p>We provide experience, optimum practices and expertise from the world-renowned Finnish economic system, including the expertise of our shareholder universities, i.e. the Haaga-Helia, Laurea and Metropolia Universities of Applied Sciences. We tailor our offerings to your local culture and environment, helping to support you throughout your transformation. Your ambitions, goals and objectives become ours. We [&hellip;]<\/p>","protected":false},"author":1,"featured_media":0,"parent":0,"menu_order":0,"comment_status":"closed","ping_status":"closed","template":"","meta":[],"yoast_head":"<!-- This site is optimized with the Yoast SEO plugin v16.9 - https:\/\/yoast.com\/wordpress\/plugins\/seo\/ -->\n<title>Services \u2013 EduExcellence<\/title>\n<meta name=\"description\" content=\"We provide experience, optimum practices and expertise from the world-renowned Finnish economic system; consultancy, programmes and intensive courses.\" \/>\n<meta name=\"robots\" content=\"noindex, follow, max-snippet:-1, max-image-preview:large, max-video-preview:-1\" \/>\n<meta property=\"og:locale\" content=\"es_ES\" \/>\n<meta property=\"og:type\" content=\"article\" \/>\n<meta property=\"og:title\" content=\"Services \u2013 EduExcellence\" \/>\n<meta property=\"og:description\" content=\"We provide experience, optimum practices and expertise from the world-renowned Finnish economic system; consultancy, programmes and intensive courses.\" \/>\n<meta property=\"og:url\" content=\"http:\/\/testi.eduexcellence.fi\/es\/\u670d\u52a1\/\" \/>\n<meta property=\"og:site_name\" content=\"EduExcellence\" \/>\n<meta property=\"article:modified_time\" content=\"2019-05-08T13:41:22+00:00\" \/>\n<meta name=\"twitter:card\" content=\"summary_large_image\" \/>\n<script type=\"application\/ld+json\" class=\"yoast-schema-graph\">{\"@context\":\"https:\/\/schema.org\",\"@graph\":[{\"@type\":\"WebSite\",\"@id\":\"https:\/\/testi.eduexcellence.fi\/#website\",\"url\":\"https:\/\/testi.eduexcellence.fi\/\",\"name\":\"EduExcellence\",\"description\":\"The Gateway to Finnish Higher Education\",\"potentialAction\":[{\"@type\":\"SearchAction\",\"target\":{\"@type\":\"EntryPoint\",\"urlTemplate\":\"https:\/\/testi.eduexcellence.fi\/?s={search_term_string}\"},\"query-input\":\"required name=search_term_string\"}],\"inLanguage\":\"es\"},{\"@type\":\"WebPage\",\"@id\":\"http:\/\/testi.eduexcellence.fi\/zh\/%e6%9c%8d%e5%8a%a1\/#webpage\",\"url\":\"http:\/\/testi.eduexcellence.fi\/zh\/%e6%9c%8d%e5%8a%a1\/\",\"name\":\"Services \\u2013 EduExcellence\",\"isPartOf\":{\"@id\":\"https:\/\/testi.eduexcellence.fi\/#website\"},\"datePublished\":\"2019-01-23T11:29:32+00:00\",\"dateModified\":\"2019-05-08T13:41:22+00:00\",\"description\":\"We provide experience, optimum practices and expertise from the world-renowned Finnish economic system; consultancy, programmes and intensive courses.\",\"breadcrumb\":{\"@id\":\"http:\/\/testi.eduexcellence.fi\/zh\/%e6%9c%8d%e5%8a%a1\/#breadcrumb\"},\"inLanguage\":\"es\",\"potentialAction\":[{\"@type\":\"ReadAction\",\"target\":[\"http:\/\/testi.eduexcellence.fi\/zh\/%e6%9c%8d%e5%8a%a1\/\"]}]},{\"@type\":\"BreadcrumbList\",\"@id\":\"http:\/\/testi.eduexcellence.fi\/zh\/%e6%9c%8d%e5%8a%a1\/#breadcrumb\",\"itemListElement\":[{\"@type\":\"ListItem\",\"position\":1,\"name\":\"Home\",\"item\":\"https:\/\/testi.eduexcellence.fi\/\"},{\"@type\":\"ListItem\",\"position\":2,\"name\":\"Services\"}]}]}<\/script>\n<!-- \/ Yoast SEO plugin. -->","yoast_head_json":{"title":"Services \u2013 EduExcellence","description":"We provide experience, optimum practices and expertise from the world-renowned Finnish economic system; consultancy, programmes and intensive courses.","robots":{"index":"noindex","follow":"follow","max-snippet":"max-snippet:-1","max-image-preview":"max-image-preview:large","max-video-preview":"max-video-preview:-1"},"og_locale":"es_ES","og_type":"article","og_title":"Services \u2013 EduExcellence","og_description":"We provide experience, optimum practices and expertise from the world-renowned Finnish economic system; consultancy, programmes and intensive courses.","og_url":"http:\/\/testi.eduexcellence.fi\/es\/\u670d\u52a1\/","og_site_name":"EduExcellence","article_modified_time":"2019-05-08T13:41:22+00:00","twitter_card":"summary_large_image","schema":{"@context":"https:\/\/schema.org","@graph":[{"@type":"WebSite","@id":"https:\/\/testi.eduexcellence.fi\/#website","url":"https:\/\/testi.eduexcellence.fi\/","name":"EduExcellence","description":"The Gateway to Finnish Higher Education","potentialAction":[{"@type":"SearchAction","target":{"@type":"EntryPoint","urlTemplate":"https:\/\/testi.eduexcellence.fi\/?s={search_term_string}"},"query-input":"required name=search_term_string"}],"inLanguage":"es"},{"@type":"WebPage","@id":"http:\/\/testi.eduexcellence.fi\/zh\/%e6%9c%8d%e5%8a%a1\/#webpage","url":"http:\/\/testi.eduexcellence.fi\/zh\/%e6%9c%8d%e5%8a%a1\/","name":"Services \u2013 EduExcellence","isPartOf":{"@id":"https:\/\/testi.eduexcellence.fi\/#website"},"datePublished":"2019-01-23T11:29:32+00:00","dateModified":"2019-05-08T13:41:22+00:00","description":"We provide experience, optimum practices and expertise from the world-renowned Finnish economic system; consultancy, programmes and intensive courses.","breadcrumb":{"@id":"http:\/\/testi.eduexcellence.fi\/zh\/%e6%9c%8d%e5%8a%a1\/#breadcrumb"},"inLanguage":"es","potentialAction":[{"@type":"ReadAction","target":["http:\/\/testi.eduexcellence.fi\/zh\/%e6%9c%8d%e5%8a%a1\/"]}]},{"@type":"BreadcrumbList","@id":"http:\/\/testi.eduexcellence.fi\/zh\/%e6%9c%8d%e5%8a%a1\/#breadcrumb","itemListElement":[{"@type":"ListItem","position":1,"name":"Home","item":"https:\/\/testi.eduexcellence.fi\/"},{"@type":"ListItem","position":2,"name":"Services"}]}]}},"_links":{"self":[{"href":"https:\/\/testi.eduexcellence.fi\/es\/wp-json\/wp\/v2\/pages\/25"}],"collection":[{"href":"https:\/\/testi.eduexcellence.fi\/es\/wp-json\/wp\/v2\/pages"}],"about":[{"href":"https:\/\/testi.eduexcellence.fi\/es\/wp-json\/wp\/v2\/types\/page"}],"author":[{"embeddable":true,"href":"https:\/\/testi.eduexcellence.fi\/es\/wp-json\/wp\/v2\/users\/1"}],"replies":[{"embeddable":true,"href":"https:\/\/testi.eduexcellence.fi\/es\/wp-json\/wp\/v2\/comments?post=25"}],"version-history":[{"count":16,"href":"https:\/\/testi.eduexcellence.fi\/es\/wp-json\/wp\/v2\/pages\/25\/revisions"}],"predecessor-version":[{"id":2549,"href":"https:\/\/testi.eduexcellence.fi\/es\/wp-json\/wp\/v2\/pages\/25\/revisions\/2549"}],"wp:attachment":[{"href":"https:\/\/testi.eduexcellence.fi\/es\/wp-json\/wp\/v2\/media?parent=25"}],"curies":[{"name":"wp","href":"https:\/\/api.w.org\/{rel}","templated":true}]}}