{"id":18,"date":"2019-01-23T11:31:45","date_gmt":"2019-01-23T09:31:45","guid":{"rendered":"http:\/\/31.217.192.177\/~eduexcel\/?page_id=18"},"modified":"2020-08-27T12:43:59","modified_gmt":"2020-08-27T09:43:59","slug":"front-page","status":"publish","type":"page","link":"https:\/\/testi.eduexcellence.fi\/es\/","title":{"rendered":"P\u00e1gina principal"},"content":{"rendered":"<div data-elementor-type=\"wp-post\" data-elementor-id=\"18\" class=\"elementor elementor-18\" data-elementor-settings=\"[]\">\n\t\t\t\t\t\t<div class=\"elementor-inner\">\n\t\t\t\t\t\t\t<div class=\"elementor-section-wrap\">\n\t\t\t\t\t\t\t<section class=\"elementor-section elementor-top-section elementor-element elementor-element-c2975be elementor-section-stretched elementor-section-full_width elementor-section-height-min-height elementor-reverse-mobile elementor-section-height-default elementor-section-items-middle\" data-id=\"c2975be\" data-element_type=\"section\" data-settings=\"{&quot;stretch_section&quot;:&quot;section-stretched&quot;,&quot;background_background&quot;:&quot;classic&quot;}\">\n\t\t\t\t\t\t<div class=\"elementor-container elementor-column-gap-default\">\n\t\t\t\t\t\t\t<div class=\"elementor-row\">\n\t\t\t\t\t<div class=\"elementor-column elementor-col-50 elementor-top-column elementor-element elementor-element-c72c8ea animated-slow elementor-invisible\" data-id=\"c72c8ea\" data-element_type=\"column\" data-settings=\"{&quot;animation&quot;:&quot;fadeIn&quot;}\">\n\t\t\t<div class=\"elementor-column-wrap elementor-element-populated\">\n\t\t\t\t\t\t\t<div class=\"elementor-widget-wrap\">\n\t\t\t\t\t\t<div class=\"elementor-element elementor-element-a26de8d elementor-invisible elementor-widget elementor-widget-heading\" data-id=\"a26de8d\" data-element_type=\"widget\" data-settings=\"{&quot;_animation&quot;:&quot;fadeIn&quot;}\" data-widget_type=\"heading.default\">\n\t\t\t\t<div class=\"elementor-widget-container\">\n\t\t\t<h1 class=\"elementor-heading-title elementor-size-default\">Alcanzando su nuevo potencial con el conocimiento finland\u00e9s en educaci\u00f3n<\/h1>\t\t<\/div>\n\t\t\t\t<\/div>\n\t\t\t\t<div class=\"elementor-element elementor-element-3f95289 elementor-widget elementor-widget-text-editor\" data-id=\"3f95289\" data-element_type=\"widget\" data-widget_type=\"text-editor.default\">\n\t\t\t\t<div class=\"elementor-widget-container\">\n\t\t\t\t\t\t\t\t<div class=\"elementor-text-editor elementor-clearfix\">\n\t\t\t\t<p>En Finlandia nos destacamos en la integraci\u00f3n de la educaci\u00f3n superior, la innovaci\u00f3n y los negocios.<\/p>\n<p>En EduExcellence creamos soluciones integrales para organizaciones gubernamentales y del sector p\u00fablico, instituciones educativas y empresas.<\/p>\n\t\t\t\t\t<\/div>\n\t\t\t\t\t\t<\/div>\n\t\t\t\t<\/div>\n\t\t\t\t<div class=\"elementor-element elementor-element-dcfb394 elementor-widget elementor-widget-button\" data-id=\"dcfb394\" data-element_type=\"widget\" data-widget_type=\"button.default\">\n\t\t\t\t<div class=\"elementor-widget-container\">\n\t\t\t\t\t<div class=\"elementor-button-wrapper\">\n\t\t\t<a href=\"https:\/\/testi.eduexcellence.fi\/es\/servicios\/\" class=\"elementor-button-link elementor-button elementor-size-sm\" role=\"button\">\n\t\t\t\t\t\t<span class=\"elementor-button-content-wrapper\">\n\t\t\t\t\t\t<span class=\"elementor-button-text\">Conozca nuestros servicios<\/span>\n\t\t<\/span>\n\t\t\t\t\t<\/a>\n\t\t<\/div>\n\t\t\t\t<\/div>\n\t\t\t\t<\/div>\n\t\t\t\t\t\t<\/div>\n\t\t\t\t\t<\/div>\n\t\t<\/div>\n\t\t\t\t<div class=\"elementor-column elementor-col-50 elementor-top-column elementor-element elementor-element-0a6f223 elementor-hidden-phone\" data-id=\"0a6f223\" data-element_type=\"column\">\n\t\t\t<div class=\"elementor-column-wrap elementor-element-populated\">\n\t\t\t\t\t\t\t<div class=\"elementor-widget-wrap\">\n\t\t\t\t\t\t<div class=\"elementor-element elementor-element-3101571 elementor-widget elementor-widget-image\" data-id=\"3101571\" data-element_type=\"widget\" data-widget_type=\"image.default\">\n\t\t\t\t<div class=\"elementor-widget-container\">\n\t\t\t\t\t\t\t\t<div class=\"elementor-image\">\n\t\t\t\t\t\t\t\t\t\t\t\t<img width=\"1000\" height=\"785\" src=\"https:\/\/testi.eduexcellence.fi\/wp-content\/uploads\/2019\/04\/EduExcellence-main-header.png\" class=\"attachment-full size-full\" alt=\"\" loading=\"lazy\" \/>\t\t\t\t\t\t\t\t\t\t\t\t\t\t<\/div>\n\t\t\t\t\t\t<\/div>\n\t\t\t\t<\/div>\n\t\t\t\t\t\t<\/div>\n\t\t\t\t\t<\/div>\n\t\t<\/div>\n\t\t\t\t\t\t\t\t<\/div>\n\t\t\t\t\t<\/div>\n\t\t<\/section>\n\t\t\t\t<section class=\"elementor-section elementor-top-section elementor-element elementor-element-d2e3e14 elementor-section-full_width elementor-section-height-default elementor-section-height-default\" data-id=\"d2e3e14\" data-element_type=\"section\">\n\t\t\t\t\t\t<div class=\"elementor-container elementor-column-gap-default\">\n\t\t\t\t\t\t\t<div class=\"elementor-row\">\n\t\t\t\t\t<div class=\"elementor-column elementor-col-100 elementor-top-column elementor-element elementor-element-683852a\" data-id=\"683852a\" data-element_type=\"column\">\n\t\t\t<div class=\"elementor-column-wrap elementor-element-populated\">\n\t\t\t\t\t\t\t<div class=\"elementor-widget-wrap\">\n\t\t\t\t\t\t<div class=\"elementor-element elementor-element-48dadfa elementor-widget elementor-widget-heading\" data-id=\"48dadfa\" data-element_type=\"widget\" data-widget_type=\"heading.default\">\n\t\t\t\t<div class=\"elementor-widget-container\">\n\t\t\t<h2 class=\"elementor-heading-title elementor-size-default\">Servicios<\/h2>\t\t<\/div>\n\t\t\t\t<\/div>\n\t\t\t\t<div class=\"elementor-element elementor-element-4c9fddb elementor-widget elementor-widget-text-editor\" data-id=\"4c9fddb\" data-element_type=\"widget\" data-widget_type=\"text-editor.default\">\n\t\t\t\t<div class=\"elementor-widget-container\">\n\t\t\t\t\t\t\t\t<div class=\"elementor-text-editor elementor-clearfix\">\n\t\t\t\t<p>El mundo est\u00e1 cambiando r\u00e1pidamente y, por lo tanto, necesitamos desarrollar habilidades y competencias que se ajusten a las necesidades futuras. Nuestra misi\u00f3n es crear soluciones para el desarrollo sostenible y potenciar el desarrollo humano y regional mediante la creaci\u00f3n de habilidades y capacidades en las sociedades de nuestros clientes.<\/p>\t\t\t\t\t<\/div>\n\t\t\t\t\t\t<\/div>\n\t\t\t\t<\/div>\n\t\t\t\t\t\t<\/div>\n\t\t\t\t\t<\/div>\n\t\t<\/div>\n\t\t\t\t\t\t\t\t<\/div>\n\t\t\t\t\t<\/div>\n\t\t<\/section>\n\t\t\t\t<section class=\"elementor-section elementor-top-section elementor-element elementor-element-692d161 elementor-section-stretched elementor-section-full_width elementor-section-height-default elementor-section-height-default\" data-id=\"692d161\" data-element_type=\"section\" data-settings=\"{&quot;stretch_section&quot;:&quot;section-stretched&quot;}\">\n\t\t\t\t\t\t<div class=\"elementor-container elementor-column-gap-default\">\n\t\t\t\t\t\t\t<div class=\"elementor-row\">\n\t\t\t\t\t<div class=\"elementor-column elementor-col-33 elementor-top-column elementor-element elementor-element-c5b4146\" data-id=\"c5b4146\" data-element_type=\"column\">\n\t\t\t<div class=\"elementor-column-wrap elementor-element-populated\">\n\t\t\t\t\t\t\t<div class=\"elementor-widget-wrap\">\n\t\t\t\t\t\t<div class=\"elementor-element elementor-element-fa8bc2e elementor-widget elementor-widget-image\" data-id=\"fa8bc2e\" data-element_type=\"widget\" data-widget_type=\"image.default\">\n\t\t\t\t<div class=\"elementor-widget-container\">\n\t\t\t\t\t\t\t\t<div class=\"elementor-image\">\n\t\t\t\t\t\t\t\t\t\t\t\t\t<a href=\"https:\/\/testi.eduexcellence.fi\/es\/servicios\/consultoria\/\">\n\t\t\t\t\t\t\t<img width=\"702\" height=\"534\" src=\"https:\/\/testi.eduexcellence.fi\/wp-content\/uploads\/2019\/01\/EduExcellence-targetgroup-green.jpg\" class=\"attachment-large size-large\" alt=\"\" loading=\"lazy\" \/>\t\t\t\t\t\t\t\t<\/a>\n\t\t\t\t\t\t\t\t\t\t\t\t\t\t<\/div>\n\t\t\t\t\t\t<\/div>\n\t\t\t\t<\/div>\n\t\t\t\t<div class=\"elementor-element elementor-element-5e06ace elementor-widget elementor-widget-heading\" data-id=\"5e06ace\" data-element_type=\"widget\" data-widget_type=\"heading.default\">\n\t\t\t\t<div class=\"elementor-widget-container\">\n\t\t\t<h3 class=\"elementor-heading-title elementor-size-default\"><a href=\"https:\/\/testi.eduexcellence.fi\/es\/servicios\/consultoria\/\">Servicios de Consultor\u00eda<\/a><\/h3>\t\t<\/div>\n\t\t\t\t<\/div>\n\t\t\t\t\t\t<\/div>\n\t\t\t\t\t<\/div>\n\t\t<\/div>\n\t\t\t\t<div class=\"elementor-column elementor-col-33 elementor-top-column elementor-element elementor-element-9db42da\" data-id=\"9db42da\" data-element_type=\"column\">\n\t\t\t<div class=\"elementor-column-wrap elementor-element-populated\">\n\t\t\t\t\t\t\t<div class=\"elementor-widget-wrap\">\n\t\t\t\t\t\t<div class=\"elementor-element elementor-element-4f70142 elementor-widget elementor-widget-image\" data-id=\"4f70142\" data-element_type=\"widget\" data-widget_type=\"image.default\">\n\t\t\t\t<div class=\"elementor-widget-container\">\n\t\t\t\t\t\t\t\t<div class=\"elementor-image\">\n\t\t\t\t\t\t\t\t\t\t\t\t\t<a href=\"https:\/\/testi.eduexcellence.fi\/es\/servicios\/programas\/\">\n\t\t\t\t\t\t\t<img width=\"702\" height=\"534\" src=\"https:\/\/testi.eduexcellence.fi\/wp-content\/uploads\/2019\/01\/EduExcellence-targetgroup-red.jpg\" class=\"attachment-large size-large\" alt=\"\" loading=\"lazy\" \/>\t\t\t\t\t\t\t\t<\/a>\n\t\t\t\t\t\t\t\t\t\t\t\t\t\t<\/div>\n\t\t\t\t\t\t<\/div>\n\t\t\t\t<\/div>\n\t\t\t\t<div class=\"elementor-element elementor-element-5f8ef98 elementor-widget elementor-widget-heading\" data-id=\"5f8ef98\" data-element_type=\"widget\" data-widget_type=\"heading.default\">\n\t\t\t\t<div class=\"elementor-widget-container\">\n\t\t\t<h3 class=\"elementor-heading-title elementor-size-default\"><a href=\"https:\/\/testi.eduexcellence.fi\/es\/servicios\/programas\/\">Programas<\/a><\/h3>\t\t<\/div>\n\t\t\t\t<\/div>\n\t\t\t\t\t\t<\/div>\n\t\t\t\t\t<\/div>\n\t\t<\/div>\n\t\t\t\t<div class=\"elementor-column elementor-col-33 elementor-top-column elementor-element elementor-element-a2d340e\" data-id=\"a2d340e\" data-element_type=\"column\">\n\t\t\t<div class=\"elementor-column-wrap elementor-element-populated\">\n\t\t\t\t\t\t\t<div class=\"elementor-widget-wrap\">\n\t\t\t\t\t\t<div class=\"elementor-element elementor-element-50f85e9 elementor-widget elementor-widget-image\" data-id=\"50f85e9\" data-element_type=\"widget\" data-widget_type=\"image.default\">\n\t\t\t\t<div class=\"elementor-widget-container\">\n\t\t\t\t\t\t\t\t<div class=\"elementor-image\">\n\t\t\t\t\t\t\t\t\t\t\t\t\t<a href=\"https:\/\/testi.eduexcellence.fi\/es\/servicios\/cursos-intensivos\/\">\n\t\t\t\t\t\t\t<img width=\"702\" height=\"534\" src=\"https:\/\/testi.eduexcellence.fi\/wp-content\/uploads\/2019\/01\/EduExcellence-targetgroup-purple.jpg\" class=\"attachment-large size-large\" alt=\"\" loading=\"lazy\" \/>\t\t\t\t\t\t\t\t<\/a>\n\t\t\t\t\t\t\t\t\t\t\t\t\t\t<\/div>\n\t\t\t\t\t\t<\/div>\n\t\t\t\t<\/div>\n\t\t\t\t<div class=\"elementor-element elementor-element-d89275b elementor-widget elementor-widget-heading\" data-id=\"d89275b\" data-element_type=\"widget\" data-widget_type=\"heading.default\">\n\t\t\t\t<div class=\"elementor-widget-container\">\n\t\t\t<h3 class=\"elementor-heading-title elementor-size-default\"><a href=\"https:\/\/testi.eduexcellence.fi\/es\/servicios\/cursos-intensivos\/\">Cursos intensivos<\/a><\/h3>\t\t<\/div>\n\t\t\t\t<\/div>\n\t\t\t\t\t\t<\/div>\n\t\t\t\t\t<\/div>\n\t\t<\/div>\n\t\t\t\t\t\t\t\t<\/div>\n\t\t\t\t\t<\/div>\n\t\t<\/section>\n\t\t\t\t<section class=\"elementor-section elementor-top-section elementor-element elementor-element-8b87455 elementor-section-stretched elementor-section-full_width elementor-section-height-min-height elementor-section-height-default elementor-section-items-middle\" data-id=\"8b87455\" data-element_type=\"section\" data-settings=\"{&quot;stretch_section&quot;:&quot;section-stretched&quot;,&quot;background_background&quot;:&quot;classic&quot;}\">\n\t\t\t\t\t\t<div class=\"elementor-container elementor-column-gap-default\">\n\t\t\t\t\t\t\t<div class=\"elementor-row\">\n\t\t\t\t\t<div class=\"elementor-column elementor-col-50 elementor-top-column elementor-element elementor-element-e58c098\" data-id=\"e58c098\" data-element_type=\"column\" data-settings=\"{&quot;background_background&quot;:&quot;classic&quot;}\">\n\t\t\t<div class=\"elementor-column-wrap elementor-element-populated\">\n\t\t\t\t\t\t\t<div class=\"elementor-widget-wrap\">\n\t\t\t\t\t\t\t\t<\/div>\n\t\t\t\t\t<\/div>\n\t\t<\/div>\n\t\t\t\t<div class=\"elementor-column elementor-col-50 elementor-top-column elementor-element elementor-element-452a7d8\" data-id=\"452a7d8\" data-element_type=\"column\" data-settings=\"{&quot;background_background&quot;:&quot;classic&quot;}\">\n\t\t\t<div class=\"elementor-column-wrap elementor-element-populated\">\n\t\t\t\t\t\t\t<div class=\"elementor-widget-wrap\">\n\t\t\t\t\t\t<div class=\"elementor-element elementor-element-456fe41 elementor-widget elementor-widget-heading\" data-id=\"456fe41\" data-element_type=\"widget\" data-widget_type=\"heading.default\">\n\t\t\t\t<div class=\"elementor-widget-container\">\n\t\t\t<h2 class=\"elementor-heading-title elementor-size-default\">Case Tshwane Universidad de Tecnolog\u00eda<\/h2>\t\t<\/div>\n\t\t\t\t<\/div>\n\t\t\t\t<div class=\"elementor-element elementor-element-ca61c0b elementor-widget elementor-widget-text-editor\" data-id=\"ca61c0b\" data-element_type=\"widget\" data-widget_type=\"text-editor.default\">\n\t\t\t\t<div class=\"elementor-widget-container\">\n\t\t\t\t\t\t\t\t<div class=\"elementor-text-editor elementor-clearfix\">\n\t\t\t\tLa Universidad Tecnol\u00f3gica de Tshwane (TUT) es la mayor universidad de aprendizaje presencial, con 65.000 estudiantes en Sud\u00e1frica y una precursora de la educaci\u00f3n superior en el pa\u00eds. En 2015, la TUT inici\u00f3 una cooperaci\u00f3n estrat\u00e9gica con la Escuela de Formaci\u00f3n Profesional de Maestros de Haaga-Helia para capacitar a su personal acad\u00e9mico en la pedagog\u00eda finlandesa.\t\t\t\t\t<\/div>\n\t\t\t\t\t\t<\/div>\n\t\t\t\t<\/div>\n\t\t\t\t<div class=\"elementor-element elementor-element-9327197 elementor-widget elementor-widget-button\" data-id=\"9327197\" data-element_type=\"widget\" data-widget_type=\"button.default\">\n\t\t\t\t<div class=\"elementor-widget-container\">\n\t\t\t\t\t<div class=\"elementor-button-wrapper\">\n\t\t\t<a href=\"http:\/\/testi.eduexcellence.fi\/es\/press-release-7-3-2019-finnish-education-expertise-empowering-south-african-academic-leaders-and-professionals\/\" class=\"elementor-button-link elementor-button elementor-size-sm\" role=\"button\">\n\t\t\t\t\t\t<span class=\"elementor-button-content-wrapper\">\n\t\t\t\t\t\t<span class=\"elementor-button-text\">M\u00e1s sobre la historia<\/span>\n\t\t<\/span>\n\t\t\t\t\t<\/a>\n\t\t<\/div>\n\t\t\t\t<\/div>\n\t\t\t\t<\/div>\n\t\t\t\t\t\t<\/div>\n\t\t\t\t\t<\/div>\n\t\t<\/div>\n\t\t\t\t\t\t\t\t<\/div>\n\t\t\t\t\t<\/div>\n\t\t<\/section>\n\t\t\t\t<section class=\"elementor-section elementor-top-section elementor-element elementor-element-e7ceb67 elementor-section-boxed elementor-section-height-default elementor-section-height-default\" data-id=\"e7ceb67\" data-element_type=\"section\">\n\t\t\t\t\t\t<div class=\"elementor-container elementor-column-gap-default\">\n\t\t\t\t\t\t\t<div class=\"elementor-row\">\n\t\t\t\t\t<div class=\"elementor-column elementor-col-100 elementor-top-column elementor-element elementor-element-60a97fb\" data-id=\"60a97fb\" data-element_type=\"column\">\n\t\t\t<div class=\"elementor-column-wrap\">\n\t\t\t\t\t\t\t<div class=\"elementor-widget-wrap\">\n\t\t\t\t\t\t\t\t<\/div>\n\t\t\t\t\t<\/div>\n\t\t<\/div>\n\t\t\t\t\t\t\t\t<\/div>\n\t\t\t\t\t<\/div>\n\t\t<\/section>\n\t\t\t\t\t\t<\/div>\n\t\t\t\t\t\t<\/div>\n\t\t\t\t\t<\/div>","protected":false},"excerpt":{"rendered":"<p>In Finland we excel at integrating higher education, innovation and business. We support education institutions to qualify their students, teachers and experts for fast integration to working life and society. Learn about our services Services The world is changing fast and therefore we need to develop skills and competencies to fit the future needs. Our [&hellip;]<\/p>","protected":false},"author":1,"featured_media":0,"parent":0,"menu_order":0,"comment_status":"closed","ping_status":"closed","template":"elementor_header_footer","meta":[],"yoast_head":"<!-- This site is optimized with the Yoast SEO plugin v16.9 - https:\/\/yoast.com\/wordpress\/plugins\/seo\/ -->\n<title>EduExcellence \u2013 Finland \u2013 Built on Education<\/title>\n<meta name=\"description\" content=\"Reaching your new potential with Finnish knowhow in education. In Finland we excel at integrating higher education, innovation and business.\" \/>\n<meta name=\"robots\" content=\"noindex, follow, max-snippet:-1, max-image-preview:large, max-video-preview:-1\" \/>\n<meta property=\"og:locale\" content=\"es_ES\" \/>\n<meta property=\"og:type\" content=\"article\" \/>\n<meta property=\"og:title\" content=\"EduExcellence \u2013 Finland \u2013 Built on Education\" \/>\n<meta property=\"og:description\" content=\"Reaching your new potential with Finnish knowhow in education. In Finland we excel at integrating higher education, innovation and business.\" \/>\n<meta property=\"og:url\" content=\"https:\/\/testi.eduexcellence.fi\/es\/\" \/>\n<meta property=\"og:site_name\" content=\"EduExcellence\" \/>\n<meta property=\"article:modified_time\" content=\"2020-08-27T09:43:59+00:00\" \/>\n<meta property=\"og:image\" content=\"http:\/\/testi.eduexcellence.fi\/wp-content\/uploads\/2019\/04\/EduExcellence-main-header.png\" \/>\n<meta name=\"twitter:card\" content=\"summary_large_image\" \/>\n<meta name=\"twitter:label1\" content=\"Tiempo de lectura\" \/>\n\t<meta name=\"twitter:data1\" content=\"1 minuto\" \/>\n<script type=\"application\/ld+json\" class=\"yoast-schema-graph\">{\"@context\":\"https:\/\/schema.org\",\"@graph\":[{\"@type\":\"WebSite\",\"@id\":\"https:\/\/testi.eduexcellence.fi\/#website\",\"url\":\"https:\/\/testi.eduexcellence.fi\/\",\"name\":\"EduExcellence\",\"description\":\"The Gateway to Finnish Higher Education\",\"potentialAction\":[{\"@type\":\"SearchAction\",\"target\":{\"@type\":\"EntryPoint\",\"urlTemplate\":\"https:\/\/testi.eduexcellence.fi\/?s={search_term_string}\"},\"query-input\":\"required name=search_term_string\"}],\"inLanguage\":\"es\"},{\"@type\":\"ImageObject\",\"@id\":\"https:\/\/testi.eduexcellence.fi\/#primaryimage\",\"inLanguage\":\"es\",\"url\":\"http:\/\/testi.eduexcellence.fi\/wp-content\/uploads\/2019\/04\/EduExcellence-main-header.png\",\"contentUrl\":\"http:\/\/testi.eduexcellence.fi\/wp-content\/uploads\/2019\/04\/EduExcellence-main-header.png\"},{\"@type\":\"WebPage\",\"@id\":\"https:\/\/testi.eduexcellence.fi\/#webpage\",\"url\":\"https:\/\/testi.eduexcellence.fi\/\",\"name\":\"EduExcellence \\u2013 Finland \\u2013 Built on Education\",\"isPartOf\":{\"@id\":\"https:\/\/testi.eduexcellence.fi\/#website\"},\"primaryImageOfPage\":{\"@id\":\"https:\/\/testi.eduexcellence.fi\/#primaryimage\"},\"datePublished\":\"2019-01-23T09:31:45+00:00\",\"dateModified\":\"2020-08-27T09:43:59+00:00\",\"description\":\"Reaching your new potential with Finnish knowhow in education. In Finland we excel at integrating higher education, innovation and business.\",\"breadcrumb\":{\"@id\":\"https:\/\/testi.eduexcellence.fi\/#breadcrumb\"},\"inLanguage\":\"es\",\"potentialAction\":[{\"@type\":\"ReadAction\",\"target\":[\"https:\/\/testi.eduexcellence.fi\/\"]}]},{\"@type\":\"BreadcrumbList\",\"@id\":\"https:\/\/testi.eduexcellence.fi\/#breadcrumb\",\"itemListElement\":[{\"@type\":\"ListItem\",\"position\":1,\"name\":\"Home\",\"item\":\"https:\/\/testi.eduexcellence.fi\/\"},{\"@type\":\"ListItem\",\"position\":2,\"name\":\"Home\"}]}]}<\/script>\n<!-- \/ Yoast SEO plugin. -->","yoast_head_json":{"title":"EduExcellence \u2013 Finland \u2013 Built on Education","description":"Reaching your new potential with Finnish knowhow in education. In Finland we excel at integrating higher education, innovation and business.","robots":{"index":"noindex","follow":"follow","max-snippet":"max-snippet:-1","max-image-preview":"max-image-preview:large","max-video-preview":"max-video-preview:-1"},"og_locale":"es_ES","og_type":"article","og_title":"EduExcellence \u2013 Finland \u2013 Built on Education","og_description":"Reaching your new potential with Finnish knowhow in education. In Finland we excel at integrating higher education, innovation and business.","og_url":"https:\/\/testi.eduexcellence.fi\/es\/","og_site_name":"EduExcellence","article_modified_time":"2020-08-27T09:43:59+00:00","og_image":[{"url":"http:\/\/testi.eduexcellence.fi\/wp-content\/uploads\/2019\/04\/EduExcellence-main-header.png"}],"twitter_card":"summary_large_image","twitter_misc":{"Tiempo de lectura":"1 minuto"},"schema":{"@context":"https:\/\/schema.org","@graph":[{"@type":"WebSite","@id":"https:\/\/testi.eduexcellence.fi\/#website","url":"https:\/\/testi.eduexcellence.fi\/","name":"EduExcellence","description":"The Gateway to Finnish Higher Education","potentialAction":[{"@type":"SearchAction","target":{"@type":"EntryPoint","urlTemplate":"https:\/\/testi.eduexcellence.fi\/?s={search_term_string}"},"query-input":"required name=search_term_string"}],"inLanguage":"es"},{"@type":"ImageObject","@id":"https:\/\/testi.eduexcellence.fi\/#primaryimage","inLanguage":"es","url":"http:\/\/testi.eduexcellence.fi\/wp-content\/uploads\/2019\/04\/EduExcellence-main-header.png","contentUrl":"http:\/\/testi.eduexcellence.fi\/wp-content\/uploads\/2019\/04\/EduExcellence-main-header.png"},{"@type":"WebPage","@id":"https:\/\/testi.eduexcellence.fi\/#webpage","url":"https:\/\/testi.eduexcellence.fi\/","name":"EduExcellence \u2013 Finland \u2013 Built on Education","isPartOf":{"@id":"https:\/\/testi.eduexcellence.fi\/#website"},"primaryImageOfPage":{"@id":"https:\/\/testi.eduexcellence.fi\/#primaryimage"},"datePublished":"2019-01-23T09:31:45+00:00","dateModified":"2020-08-27T09:43:59+00:00","description":"Reaching your new potential with Finnish knowhow in education. In Finland we excel at integrating higher education, innovation and business.","breadcrumb":{"@id":"https:\/\/testi.eduexcellence.fi\/#breadcrumb"},"inLanguage":"es","potentialAction":[{"@type":"ReadAction","target":["https:\/\/testi.eduexcellence.fi\/"]}]},{"@type":"BreadcrumbList","@id":"https:\/\/testi.eduexcellence.fi\/#breadcrumb","itemListElement":[{"@type":"ListItem","position":1,"name":"Home","item":"https:\/\/testi.eduexcellence.fi\/"},{"@type":"ListItem","position":2,"name":"Home"}]}]}},"_links":{"self":[{"href":"https:\/\/testi.eduexcellence.fi\/es\/wp-json\/wp\/v2\/pages\/18"}],"collection":[{"href":"https:\/\/testi.eduexcellence.fi\/es\/wp-json\/wp\/v2\/pages"}],"about":[{"href":"https:\/\/testi.eduexcellence.fi\/es\/wp-json\/wp\/v2\/types\/page"}],"author":[{"embeddable":true,"href":"https:\/\/testi.eduexcellence.fi\/es\/wp-json\/wp\/v2\/users\/1"}],"replies":[{"embeddable":true,"href":"https:\/\/testi.eduexcellence.fi\/es\/wp-json\/wp\/v2\/comments?post=18"}],"version-history":[{"count":98,"href":"https:\/\/testi.eduexcellence.fi\/es\/wp-json\/wp\/v2\/pages\/18\/revisions"}],"predecessor-version":[{"id":2894,"href":"https:\/\/testi.eduexcellence.fi\/es\/wp-json\/wp\/v2\/pages\/18\/revisions\/2894"}],"wp:attachment":[{"href":"https:\/\/testi.eduexcellence.fi\/es\/wp-json\/wp\/v2\/media?parent=18"}],"curies":[{"name":"wp","href":"https:\/\/api.w.org\/{rel}","templated":true}]}}